{"id":27387,"date":"2025-05-06T10:34:56","date_gmt":"2025-05-06T10:34:56","guid":{"rendered":"https:\/\/enotecalaboutiquedelvino.it\/?product=alcool-puro-desire-litro-96-vol"},"modified":"2025-12-15T15:10:49","modified_gmt":"2025-12-15T15:10:49","slug":"alcool-puro-desire-litro-96-vol","status":"publish","type":"product","link":"https:\/\/enotecalaboutiquedelvino.it\/?product=alcool-puro-desire-litro-96-vol","title":{"rendered":"Alcool Puro Desir\u00e8 1 Litro 96% Vol."},"content":{"rendered":"<p><strong>Alcool Puro Desir\u00e8 1 Litro 96% Vol.<\/strong><\/p>\n<p data-start=\"140\" data-end=\"509\">Desir\u00e9 Alcool Puro\u00a0incarna l\u2019eccellenza della distillazione in un formato generoso da\u00a01 litro, offrendo una purezza cristallina e un\u2019inconfondibile versatilit\u00e0. Perfetto per la\u00a0mixology professionale\u00a0e la\u00a0creazione di liquori artigianali, la sua neutralit\u00e0 esalta gli aromi degli ingredienti, rendendolo un elemento essenziale in ogni bar ben fornito. Grazie alla sua qualit\u00e0 superiore, \u00e8 ideale anche in\u00a0cucina, per la preparazione di\u00a0estratti, infusioni e liquori fatti in casa, garantendo sempre un risultato impeccabile.\u00a0Desir\u00e9 Alcool Puro\u00a0\u00e8 la scelta perfetta per chi ricerca\u00a0prestazioni elevate e purezza assoluta in ogni goccia.<\/p>\n<p>Gradazione Alcolica: 96% Vol.<\/p>\n<p>Produttore: Dmg Srl<\/p>\n","protected":false},"excerpt":{"rendered":"<p>Alcool Puro Desir\u00e8 1 Litro 96% Vol. Desir\u00e9 Alcool Puro\u00a0incarna l\u2019eccellenza della distillazione in un formato generoso da\u00a01 litro, offrendo una purezza cristallina e un\u2019inconfondibile versatilit\u00e0. Perfetto per la\u00a0mixology professionale\u00a0e la\u00a0creazione di liquori artigianali, la sua neutralit\u00e0 esalta gli aromi degli ingredienti, rendendolo un elemento essenziale in ogni bar ben fornito. Grazie alla sua qualit\u00e0 superiore, \u00e8 ideale anche in\u00a0cucina, per la preparazione di\u00a0estratti, infusioni e liquori fatti in casa, garantendo sempre un risultato impeccabile.\u00a0Desir\u00e9 Alcool Puro\u00a0\u00e8 la scelta perfetta per chi ricerca\u00a0prestazioni elevate e purezza assoluta in ogni goccia. Gradazione Alcolica: 96% Vol. Produttore: Dmg Srl<\/p>\n","protected":false},"featured_media":38763,"template":"","meta":{"_joinchat":[]},"product_brand":[],"product_cat":[3333,3407],"product_tag":[],"class_list":{"0":"post-27387","1":"product","2":"type-product","3":"status-publish","4":"has-post-thumbnail","6":"product_cat-liquore","7":"product_cat-nazionale","9":"first","10":"instock","11":"purchasable","12":"product-type-simple"},"jetpack_sharing_enabled":true,"acf":[],"_links":{"self":[{"href":"https:\/\/enotecalaboutiquedelvino.it\/index.php?rest_route=\/wp\/v2\/product\/27387","targetHints":{"allow":["GET"]}}],"collection":[{"href":"https:\/\/enotecalaboutiquedelvino.it\/index.php?rest_route=\/wp\/v2\/product"}],"about":[{"href":"https:\/\/enotecalaboutiquedelvino.it\/index.php?rest_route=\/wp\/v2\/types\/product"}],"wp:featuredmedia":[{"embeddable":true,"href":"https:\/\/enotecalaboutiquedelvino.it\/index.php?rest_route=\/wp\/v2\/media\/38763"}],"wp:attachment":[{"href":"https:\/\/enotecalaboutiquedelvino.it\/index.php?rest_route=%2Fwp%2Fv2%2Fmedia&parent=27387"}],"wp:term":[{"taxonomy":"product_brand","embeddable":true,"href":"https:\/\/enotecalaboutiquedelvino.it\/index.php?rest_route=%2Fwp%2Fv2%2Fproduct_brand&post=27387"},{"taxonomy":"product_cat","embeddable":true,"href":"https:\/\/enotecalaboutiquedelvino.it\/index.php?rest_route=%2Fwp%2Fv2%2Fproduct_cat&post=27387"},{"taxonomy":"product_tag","embeddable":true,"href":"https:\/\/enotecalaboutiquedelvino.it\/index.php?rest_route=%2Fwp%2Fv2%2Fproduct_tag&post=27387"}],"curies":[{"name":"wp","href":"https:\/\/api.w.org\/{rel}","templated":true}]}}