{"id":27653,"date":"2025-05-06T10:38:36","date_gmt":"2025-05-06T10:38:36","guid":{"rendered":"https:\/\/enotecalaboutiquedelvino.it\/?product=bulleit-bourbon-10-y-cl-70-45-vol"},"modified":"2025-05-06T10:38:41","modified_gmt":"2025-05-06T10:38:41","slug":"bulleit-bourbon-10-y-cl-70-45-vol","status":"publish","type":"product","link":"https:\/\/enotecalaboutiquedelvino.it\/?product=bulleit-bourbon-10-y-cl-70-45-vol","title":{"rendered":"Bulleit Bourbon 10 Y Cl.70 45% Vol."},"content":{"rendered":"<p><strong>Bulleit Bourbon 10 Y Cl.70 45% Vol.<\/strong><\/p>\n<div id=\"shopify-section-product-template\" class=\"shopify-section\">\n<div id=\"ProductSection-product-template\" class=\"product-template__container page-width\" data-section-id=\"product-template\" data-section-type=\"product\" data-enable-history-state=\"true\">\n<div class=\"grid product-single\">\n<div class=\"grid__item medium-up--one-half\">\n<div class=\"gt-block product-single__description rte\" data-gt-block=\"\">\n<p class=\"gt-block\">Bulleit Bourbon 10 Y \u00e8 una miscela di whisky di almeno 10 anni maturata in botti di rovere bianco americano fortemente bruciate. Il contenuto di mais predomina, ma viene anche usata la segale. Ci\u00f2 conferisce alla bevanda una dolce speziatura e versatilit\u00e0. Al naso \u00e8 caratterizzato da rovere, vaniglia e frutta secca. Questi ultimi vengono raccolti nuovamente al palato e integrati con caramello e spezie. Il finale \u00e8 morbido con sentori affumicati<\/p>\n<p>Gradazione Alcolica: 45% Vol.<\/p>\n<p>Nazione: U.S.A.<\/p>\n<p>Produttore: Bulleit Distilling Company<\/p>\n<p>Venditore: Diageo Italia<\/p>\n<\/div>\n<\/div>\n<\/div>\n<\/div>\n<\/div>\n<div id=\"shopify-section-footer\" class=\"shopify-section\"><strong> <\/strong><\/div>\n","protected":false},"excerpt":{"rendered":"<p>Bulleit Bourbon 10 Y Cl.70 45% Vol. Bulleit Bourbon 10 Y \u00e8 una miscela di whisky di almeno 10 anni maturata in botti di rovere bianco americano fortemente bruciate. Il contenuto di mais predomina, ma viene anche usata la segale. Ci\u00f2 conferisce alla bevanda una dolce speziatura e versatilit\u00e0. Al naso \u00e8 caratterizzato da rovere, vaniglia e frutta secca. Questi ultimi vengono raccolti nuovamente al palato e integrati con caramello e spezie. Il finale \u00e8 morbido con sentori affumicati Gradazione Alcolica: 45% Vol. Nazione: U.S.A. Produttore: Bulleit Distilling Company Venditore: Diageo Italia<\/p>\n","protected":false},"featured_media":27654,"template":"","meta":{"_joinchat":[]},"product_brand":[],"product_cat":[3342],"product_tag":[],"class_list":{"0":"post-27653","1":"product","2":"type-product","3":"status-publish","4":"has-post-thumbnail","6":"product_cat-whisky","8":"first","9":"instock","10":"purchasable","11":"product-type-simple"},"jetpack_sharing_enabled":true,"acf":[],"_links":{"self":[{"href":"https:\/\/enotecalaboutiquedelvino.it\/index.php?rest_route=\/wp\/v2\/product\/27653","targetHints":{"allow":["GET"]}}],"collection":[{"href":"https:\/\/enotecalaboutiquedelvino.it\/index.php?rest_route=\/wp\/v2\/product"}],"about":[{"href":"https:\/\/enotecalaboutiquedelvino.it\/index.php?rest_route=\/wp\/v2\/types\/product"}],"wp:featuredmedia":[{"embeddable":true,"href":"https:\/\/enotecalaboutiquedelvino.it\/index.php?rest_route=\/wp\/v2\/media\/27654"}],"wp:attachment":[{"href":"https:\/\/enotecalaboutiquedelvino.it\/index.php?rest_route=%2Fwp%2Fv2%2Fmedia&parent=27653"}],"wp:term":[{"taxonomy":"product_brand","embeddable":true,"href":"https:\/\/enotecalaboutiquedelvino.it\/index.php?rest_route=%2Fwp%2Fv2%2Fproduct_brand&post=27653"},{"taxonomy":"product_cat","embeddable":true,"href":"https:\/\/enotecalaboutiquedelvino.it\/index.php?rest_route=%2Fwp%2Fv2%2Fproduct_cat&post=27653"},{"taxonomy":"product_tag","embeddable":true,"href":"https:\/\/enotecalaboutiquedelvino.it\/index.php?rest_route=%2Fwp%2Fv2%2Fproduct_tag&post=27653"}],"curies":[{"name":"wp","href":"https:\/\/api.w.org\/{rel}","templated":true}]}}