{"id":27681,"date":"2025-05-06T10:39:00","date_gmt":"2025-05-06T10:39:00","guid":{"rendered":"https:\/\/enotecalaboutiquedelvino.it\/?product=caffe-sport-borghetti-cl-70-25-vol"},"modified":"2025-05-06T10:39:00","modified_gmt":"2025-05-06T10:39:00","slug":"caffe-sport-borghetti-cl-70-25-vol","status":"publish","type":"product","link":"https:\/\/enotecalaboutiquedelvino.it\/?product=caffe-sport-borghetti-cl-70-25-vol","title":{"rendered":"Caff\u00e8 Sport Borghetti Cl.70 25% Vol."},"content":{"rendered":"<p><span style=\"font-size: 12px;\"><\/span><strong>Caff\u00e8 Sport Borghetti Cl.70 25% Vol.<\/strong><\/p>\n<p><strong><\/strong><\/p>\n<hr>\n<p><em><span style=\"font-family: Georgia;\"><span style=\"font-size: 12px;\">Product Of Italy<\/span><\/span><\/em><\/p>\n<p><span style=\"background-color: rgb(255, 255, 255);\"><strong><\/strong><strong><\/strong><span style=\"font-size: 18px;\"><strong>BORGHETTI \u2605<\/strong><br \/><\/span><\/span><\/p>\n<p><strong><\/strong><span style=\"background-color: rgb(255, 255, 255);\"><span style=\"font-size: 18px;\"><strong><span style=\"font-size: 12px;\">SPECIALITA&#8217; ITALIANA DAL 1860<\/span><\/strong><br \/><\/span><\/span><\/p>\n<p><strong><\/strong><span style=\"background-color: rgb(255, 255, 255);\"><span style=\"font-size: 18px;\"><strong><span style=\"font-size: 12px;\"><span style=\"font-size: 14px;\">DI VERO CAFFE&#8217; ESPRESSO<\/span><\/span><\/strong><br \/><\/span><\/span><\/p>\n<p><span style=\"background-color: rgb(255, 255, 255);\"><span style=\"font-size: 18px;\"><span style=\"font-size: 12px;\"><span style=\"font-size: 14px;\"><em><\/em><span style=\"font-family: Arial;\"><em><\/em><span style=\"font-size: 12px;\"><em><\/em><span style=\"font-size: 14px;\"><em>Prodotto con selezione miscele di caff\u00e8, \u00e8 preparato seguendo la tradizionale ricetta italiana. Dall&#8217;aromainimitabile, dal gusto morbido e ricco, unisce tradizione e ricercatezza: una vera specialit\u00e0.<\/em><br \/><\/span><\/span><\/span><\/span><\/span><\/span><\/span><\/p>\n<p><span style=\"background-color: rgb(255, 255, 255);\"><span style=\"font-size: 18px;\"><span style=\"font-size: 12px;\"><span style=\"font-size: 14px;\"><span style=\"font-family: Arial;\"><span style=\"font-size: 12px;\"><span style=\"font-size: 14px;\"><em>SENZA GLUTINE<\/em><\/span><\/span><\/span><\/span><\/span><\/span><\/span><\/p>\n<p><strong><\/strong><\/p>\n<hr>\n<p>Caff\u00e8 Borghetti il liquore di vero caff\u00e8 espresso \u00e8 ideale gustato liscio, con ghiaccio o come ingrediente nei cocktail.<\/p>\n<p>Gradazione Alcolica:  25% Vol.<\/p>\n<p>Nazione: Italia<\/p>\n<p>Produttore-Venditore:  Fratelli Branca<\/p>\n<p><\/p>\n<p><\/p>\n","protected":false},"excerpt":{"rendered":"<p>Caff\u00e8 Sport Borghetti Cl.70 25% Vol. Product Of Italy BORGHETTI \u2605 SPECIALITA&#8217; ITALIANA DAL 1860 DI VERO CAFFE&#8217; ESPRESSO Prodotto con selezione miscele di caff\u00e8, \u00e8 preparato seguendo la tradizionale ricetta italiana. Dall&#8217;aromainimitabile, dal gusto morbido e ricco, unisce tradizione e ricercatezza: una vera specialit\u00e0. SENZA GLUTINE Caff\u00e8 Borghetti il liquore di vero caff\u00e8 espresso \u00e8 ideale gustato liscio, con ghiaccio o come ingrediente nei cocktail. Gradazione Alcolica: 25% Vol. Nazione: Italia Produttore-Venditore: Fratelli Branca<\/p>\n","protected":false},"featured_media":27682,"template":"","meta":{"_joinchat":[]},"product_brand":[],"product_cat":[3333],"product_tag":[],"class_list":{"0":"post-27681","1":"product","2":"type-product","3":"status-publish","4":"has-post-thumbnail","6":"product_cat-liquore","8":"first","9":"instock","10":"purchasable","11":"product-type-simple"},"jetpack_sharing_enabled":true,"acf":[],"_links":{"self":[{"href":"https:\/\/enotecalaboutiquedelvino.it\/index.php?rest_route=\/wp\/v2\/product\/27681","targetHints":{"allow":["GET"]}}],"collection":[{"href":"https:\/\/enotecalaboutiquedelvino.it\/index.php?rest_route=\/wp\/v2\/product"}],"about":[{"href":"https:\/\/enotecalaboutiquedelvino.it\/index.php?rest_route=\/wp\/v2\/types\/product"}],"wp:featuredmedia":[{"embeddable":true,"href":"https:\/\/enotecalaboutiquedelvino.it\/index.php?rest_route=\/wp\/v2\/media\/27682"}],"wp:attachment":[{"href":"https:\/\/enotecalaboutiquedelvino.it\/index.php?rest_route=%2Fwp%2Fv2%2Fmedia&parent=27681"}],"wp:term":[{"taxonomy":"product_brand","embeddable":true,"href":"https:\/\/enotecalaboutiquedelvino.it\/index.php?rest_route=%2Fwp%2Fv2%2Fproduct_brand&post=27681"},{"taxonomy":"product_cat","embeddable":true,"href":"https:\/\/enotecalaboutiquedelvino.it\/index.php?rest_route=%2Fwp%2Fv2%2Fproduct_cat&post=27681"},{"taxonomy":"product_tag","embeddable":true,"href":"https:\/\/enotecalaboutiquedelvino.it\/index.php?rest_route=%2Fwp%2Fv2%2Fproduct_tag&post=27681"}],"curies":[{"name":"wp","href":"https:\/\/api.w.org\/{rel}","templated":true}]}}