{"id":27794,"date":"2025-05-06T10:39:51","date_gmt":"2025-05-06T10:39:51","guid":{"rendered":"https:\/\/enotecalaboutiquedelvino.it\/?product=champagne-moet-chandon-reserve-imperial-astucciato-cl-75-12-vol"},"modified":"2025-05-06T10:40:14","modified_gmt":"2025-05-06T10:40:14","slug":"champagne-moet-chandon-reserve-imperial-astucciato-cl-75-12-vol","status":"publish","type":"product","link":"https:\/\/enotecalaboutiquedelvino.it\/?product=champagne-moet-chandon-reserve-imperial-astucciato-cl-75-12-vol","title":{"rendered":"Champagne \u200bMoet &#038; Chandon Reserve Imperial Astucciato Cl.75 12% Vol."},"content":{"rendered":"<p><strong>Champagne Moet &#038; Chandon Reserve Imperial Astucciato Cl.75 12% Vol.<\/strong><\/p>\n<p>Il \u201cReserve Imperiale\u201d di Moet &#038; Chandon \u00e8 uno Champagne ricco e intenso che si presta ad una grande variet\u00e0 di abbinamenti gastronomici. La sua personalit\u00e0 viene sintetizzata con queste parole dalla prestigiosa maison che lo produce: \u201csuccoso, caldo e vinoso\u201d. Rispetto al pi\u00f9 celebre e diffuso Brut Imperial, questa riserva \u00e8 ottenuta da una percentuale maggiore di uve Pinot Noir che apportano energia, struttura e vigore. Il profilo avvolgente, morbido e fruttato concorre alla definizione della sua alta vocazione a tavola, permettendo l\u2019accostamento con delicati antipasti di pesce, ma anche con piatti pi\u00f9 intensi e saporiti come carni bianche e secondi di pesce. Una certezza impeccabile e uno stile inconfondibile per uno Champagne inimitabile.<\/p>\n<p>\u201cReserve Imperiale\u201d \u00e8 un vero simbolo del mercato dello Champagne, perch\u00e9, oltre ad essere prodotto dalla grande e prestigiosa maison Moet &#038; Chandon, nasce nel lontano 1869 e come allora ha mantenuto fascino e fama, confermandosi ogni anno come una delle bottiglie pi\u00f9 richieste e apprezzate dal pubblico. Nasce da un blend di Pinot Nero 40%, Pinot Meunier 30% e Chardonnay 30%, calibrati alla perfezione per ottenere una bollicina di grande personalit\u00e0 e carattere. La classica rifermentazione in bottiglia con sosta sui lieviti per almeno 36 mesi gli permette di sviluppare un intenso corredo aromatico e un corpo pi\u00f9 cremoso e morbido.<\/p>\n<p><strong><\/strong><\/p>\n<p>Lo Champagne Brut \u201cReserve Imperiale\u201d si offre alla vista in un colore intenso e dorato, impreziosito da un perlage fine e persistente. Il bouquet comprende sia note varietali, fresche e fruttate, in cui domina la frutta gialla matura, sia profumi pi\u00f9 ampi e rotondi di noccioline tostate, spezie dolci e agrumi canditi. Pesche, albicocche, datteri e frutta secca completano con delicatezza il quadro olfattivo. L\u2019ingresso al palato \u00e8 morbido, caldo e avvolgente, sorretto da sfumature vinose e da una buona freschezza. La persistenza \u00e8 lunga e armonica, piacevole e deliziosa. Da questa perfetta armonia, composta dalla sinergia di eleganza, dinamismo e delicatezza, si riconosce perfettamente lo stile della maison e la firma dello chef de cave Benoit Gouez, uno dei pi\u00f9 blasonati e talentuosi enologi dello Champagne.<\/p>\n<p>Gradazione Alcolica: 12% Vol.<\/p>\n<p>Allergeni: Contiene Solfiti<\/p>\n<p>Produttore-Venditore:  Moet&#038;Hennessy<\/p>\n","protected":false},"excerpt":{"rendered":"<p>Champagne Moet &#038; Chandon Reserve Imperial Astucciato Cl.75 12% Vol. Il \u201cReserve Imperiale\u201d di Moet &#038; Chandon \u00e8 uno Champagne ricco e intenso che si presta ad una grande variet\u00e0 di abbinamenti gastronomici. La sua personalit\u00e0 viene sintetizzata con queste parole dalla prestigiosa maison che lo produce: \u201csuccoso, caldo e vinoso\u201d. Rispetto al pi\u00f9 celebre e diffuso Brut Imperial, questa riserva \u00e8 ottenuta da una percentuale maggiore di uve Pinot Noir che apportano energia, struttura e vigore. Il profilo avvolgente, morbido e fruttato concorre alla definizione della sua alta vocazione a tavola, permettendo l\u2019accostamento con delicati antipasti di pesce, ma anche con piatti pi\u00f9 intensi e saporiti come carni bianche e secondi di pesce. Una certezza impeccabile e uno stile inconfondibile per uno Champagne inimitabile. \u201cReserve Imperiale\u201d \u00e8 un vero simbolo del mercato dello Champagne, perch\u00e9, oltre ad essere prodotto dalla grande e prestigiosa maison Moet &#038; Chandon, nasce nel lontano 1869 e come allora ha mantenuto fascino e fama, confermandosi ogni anno come una delle bottiglie pi\u00f9 richieste e apprezzate dal pubblico. Nasce da un blend di Pinot Nero 40%, Pinot Meunier 30% e Chardonnay 30%, calibrati alla perfezione per ottenere una bollicina di grande personalit\u00e0 e carattere. La classica rifermentazione in bottiglia con sosta sui lieviti per almeno 36 mesi gli permette di sviluppare un intenso corredo aromatico e un corpo pi\u00f9 cremoso e morbido. Lo Champagne Brut \u201cReserve Imperiale\u201d si offre alla vista in un colore intenso e dorato, impreziosito da un perlage fine e persistente. Il bouquet comprende sia note varietali, fresche e fruttate, in cui domina la frutta gialla matura, sia profumi pi\u00f9 ampi e rotondi di noccioline tostate, spezie dolci e agrumi canditi. Pesche, albicocche, datteri e frutta secca completano con delicatezza il quadro olfattivo. L\u2019ingresso al palato \u00e8 morbido, caldo e avvolgente, sorretto da sfumature vinose e da una buona freschezza. La persistenza \u00e8 lunga e armonica, piacevole e deliziosa. Da questa perfetta armonia, composta dalla sinergia di eleganza, dinamismo e delicatezza, si riconosce perfettamente lo stile della maison e la firma dello chef de cave Benoit Gouez, uno dei pi\u00f9 blasonati e talentuosi enologi dello Champagne. Gradazione Alcolica: 12% Vol. Allergeni: Contiene Solfiti Produttore-Venditore: Moet&#038;Hennessy<\/p>\n","protected":false},"featured_media":27795,"template":"","meta":{"_joinchat":[]},"product_brand":[],"product_cat":[3348],"product_tag":[],"class_list":{"0":"post-27794","1":"product","2":"type-product","3":"status-publish","4":"has-post-thumbnail","6":"product_cat-champagne","8":"first","9":"instock","10":"purchasable","11":"product-type-simple"},"jetpack_sharing_enabled":true,"acf":[],"_links":{"self":[{"href":"https:\/\/enotecalaboutiquedelvino.it\/index.php?rest_route=\/wp\/v2\/product\/27794","targetHints":{"allow":["GET"]}}],"collection":[{"href":"https:\/\/enotecalaboutiquedelvino.it\/index.php?rest_route=\/wp\/v2\/product"}],"about":[{"href":"https:\/\/enotecalaboutiquedelvino.it\/index.php?rest_route=\/wp\/v2\/types\/product"}],"wp:featuredmedia":[{"embeddable":true,"href":"https:\/\/enotecalaboutiquedelvino.it\/index.php?rest_route=\/wp\/v2\/media\/27795"}],"wp:attachment":[{"href":"https:\/\/enotecalaboutiquedelvino.it\/index.php?rest_route=%2Fwp%2Fv2%2Fmedia&parent=27794"}],"wp:term":[{"taxonomy":"product_brand","embeddable":true,"href":"https:\/\/enotecalaboutiquedelvino.it\/index.php?rest_route=%2Fwp%2Fv2%2Fproduct_brand&post=27794"},{"taxonomy":"product_cat","embeddable":true,"href":"https:\/\/enotecalaboutiquedelvino.it\/index.php?rest_route=%2Fwp%2Fv2%2Fproduct_cat&post=27794"},{"taxonomy":"product_tag","embeddable":true,"href":"https:\/\/enotecalaboutiquedelvino.it\/index.php?rest_route=%2Fwp%2Fv2%2Fproduct_tag&post=27794"}],"curies":[{"name":"wp","href":"https:\/\/api.w.org\/{rel}","templated":true}]}}