{"id":27808,"date":"2025-05-06T10:40:20","date_gmt":"2025-05-06T10:40:20","guid":{"rendered":"https:\/\/enotecalaboutiquedelvino.it\/?product=champagne-tarlant-zero-brut-nature-cl-75-12-vol"},"modified":"2025-11-12T12:13:48","modified_gmt":"2025-11-12T12:13:48","slug":"champagne-tarlant-zero-brut-nature-cl-75-12-vol","status":"publish","type":"product","link":"https:\/\/enotecalaboutiquedelvino.it\/?product=champagne-tarlant-zero-brut-nature-cl-75-12-vol","title":{"rendered":"Champagne Tarlant Zero Brut Nature Cl.75 12% Vol."},"content":{"rendered":"<p><strong>Champagne Tarlant Zero Brut Nature Cl.75 12% Vol.<\/strong><\/p>\n<p>La cuv\u00e9e Zero firmata Tarlant \u00e8 un Brut Nature, quindi non contiene alcun dosaggio, che cos\u00ec permette alla sua personalit\u00e0 di esprimersi appieno. Al naso, la cuv\u00e9e Z\u00e9ro Tarlant offre note piccanti di limone e mandarino, che evolvono verso aromi pi\u00f9 maturi di cera e miele. \u00c8 un naso molto elegante e franco. Al palato troviamo le note piccanti del naso, e una cornice fresca e schietta.Un superbo champagne da aperitivo, che si abbiner\u00e0 perfettamente anche alle ostriche.<\/p>\n<p><span style=\"font-size: 0.875rem;\">Allergeni: Contiene Solfiti<\/span><\/p>\n<p>Gradazione Alcolica: 12% Vol.<\/p>\n<p>Produttore: Tarlant<\/p>\n<p>Venditore: Teatro Del Vino Srl<\/p>\n","protected":false},"excerpt":{"rendered":"<p>Champagne Tarlant Zero Brut Nature Cl.75 12% Vol. La cuv\u00e9e Zero firmata Tarlant \u00e8 un Brut Nature, quindi non contiene alcun dosaggio, che cos\u00ec permette alla sua personalit\u00e0 di esprimersi appieno. Al naso, la cuv\u00e9e Z\u00e9ro Tarlant offre note piccanti di limone e mandarino, che evolvono verso aromi pi\u00f9 maturi di cera e miele. \u00c8 un naso molto elegante e franco. Al palato troviamo le note piccanti del naso, e una cornice fresca e schietta.Un superbo champagne da aperitivo, che si abbiner\u00e0 perfettamente anche alle ostriche. Allergeni: Contiene Solfiti Gradazione Alcolica: 12% Vol. Produttore: Tarlant Venditore: Teatro Del Vino Srl<\/p>\n","protected":false},"featured_media":38394,"template":"","meta":{"_joinchat":[]},"product_brand":[],"product_cat":[3348],"product_tag":[],"class_list":{"0":"post-27808","1":"product","2":"type-product","3":"status-publish","4":"has-post-thumbnail","6":"product_cat-champagne","8":"first","9":"instock","10":"purchasable","11":"product-type-simple"},"jetpack_sharing_enabled":true,"acf":[],"_links":{"self":[{"href":"https:\/\/enotecalaboutiquedelvino.it\/index.php?rest_route=\/wp\/v2\/product\/27808","targetHints":{"allow":["GET"]}}],"collection":[{"href":"https:\/\/enotecalaboutiquedelvino.it\/index.php?rest_route=\/wp\/v2\/product"}],"about":[{"href":"https:\/\/enotecalaboutiquedelvino.it\/index.php?rest_route=\/wp\/v2\/types\/product"}],"wp:featuredmedia":[{"embeddable":true,"href":"https:\/\/enotecalaboutiquedelvino.it\/index.php?rest_route=\/wp\/v2\/media\/38394"}],"wp:attachment":[{"href":"https:\/\/enotecalaboutiquedelvino.it\/index.php?rest_route=%2Fwp%2Fv2%2Fmedia&parent=27808"}],"wp:term":[{"taxonomy":"product_brand","embeddable":true,"href":"https:\/\/enotecalaboutiquedelvino.it\/index.php?rest_route=%2Fwp%2Fv2%2Fproduct_brand&post=27808"},{"taxonomy":"product_cat","embeddable":true,"href":"https:\/\/enotecalaboutiquedelvino.it\/index.php?rest_route=%2Fwp%2Fv2%2Fproduct_cat&post=27808"},{"taxonomy":"product_tag","embeddable":true,"href":"https:\/\/enotecalaboutiquedelvino.it\/index.php?rest_route=%2Fwp%2Fv2%2Fproduct_tag&post=27808"}],"curies":[{"name":"wp","href":"https:\/\/api.w.org\/{rel}","templated":true}]}}