{"id":27814,"date":"2025-05-06T10:40:20","date_gmt":"2025-05-06T10:40:20","guid":{"rendered":"https:\/\/enotecalaboutiquedelvino.it\/?product=champagne-veuve-clicquot-cuvee-saint-petersbourg-brut-magnum-12-vol"},"modified":"2025-05-06T10:40:27","modified_gmt":"2025-05-06T10:40:27","slug":"champagne-veuve-clicquot-cuvee-saint-petersbourg-brut-magnum-12-vol","status":"publish","type":"product","link":"https:\/\/enotecalaboutiquedelvino.it\/?product=champagne-veuve-clicquot-cuvee-saint-petersbourg-brut-magnum-12-vol","title":{"rendered":"Champagne Veuve Clicquot Cuv\u00e9e Saint-Petersbourg Brut Magnum 12% Vol."},"content":{"rendered":"<div>\n<div><strong>Champagne Veuve Clicquot Cuv\u00e9e Saint-Petersbourg Brut Magnum 12% Vol.<\/strong><\/div>\n<\/div>\n<div>\n<div><\/div>\n<\/div>\n<p>Pinot Noir 50-55%, Chardonnay 28-33%, Pinot Meunier 15-20%<\/p>\n<p>Lo Champagne Brut \u201cCuv\u00e8e Saint-P\u00e9tersbourg\u201d \u00e8 una dedica al coraggio e alla tenacia di Madame Clicquot, che nel lontano 1814, nonostante il blocco continentale che immobilizzava gli scambi commerciali in Europa, riusc\u00ec ad esportarlo alle corti di San Pietroburgo. La sua bollicina riscosse un grande successo tra la nobilt\u00e0 russa e questo evento consacr\u00f2 la fortuna della Maison. In poco tempo il suo Champagne era gi\u00e0 famoso in tutto il mondo; la domanda era altissima e la sua qualit\u00e0 strepitosa. Con questa etichetta la cantina Veuve Clicquot vuole sottolineare la gloriosa storia che la lega ad un passato costellato di successi, in cui si nota come gi\u00e0 nel 1800 fosse una delle bottiglie pi\u00f9 apprezzate sul globo. E\u2019 ottenuto con gli stessi assemblaggi dell\u2019etichetta Yellow Label, in cui signoreggia il Pinot Noir, completato da Chardonnay e Pinot Meunier, ma il metodo di produzione lo differenzia, infatti affina per 3 o 4 anni sui lieviti, contro i 30 mesi del Brut Yellow Label.<\/p>\n<p>Gradazione: 12% Vol.<\/p>\n<p>Allergeni: Contiene Solfiti<\/p>\n<p>Produttore: Veuve Cliquot Francia<\/p>\n<p>Venditore Moet &#038; Hennesy Italia<\/p>\n","protected":false},"excerpt":{"rendered":"<p>Champagne Veuve Clicquot Cuv\u00e9e Saint-Petersbourg Brut Magnum 12% Vol. Pinot Noir 50-55%, Chardonnay 28-33%, Pinot Meunier 15-20% Lo Champagne Brut \u201cCuv\u00e8e Saint-P\u00e9tersbourg\u201d \u00e8 una dedica al coraggio e alla tenacia di Madame Clicquot, che nel lontano 1814, nonostante il blocco continentale che immobilizzava gli scambi commerciali in Europa, riusc\u00ec ad esportarlo alle corti di San Pietroburgo. La sua bollicina riscosse un grande successo tra la nobilt\u00e0 russa e questo evento consacr\u00f2 la fortuna della Maison. In poco tempo il suo Champagne era gi\u00e0 famoso in tutto il mondo; la domanda era altissima e la sua qualit\u00e0 strepitosa. Con questa etichetta la cantina Veuve Clicquot vuole sottolineare la gloriosa storia che la lega ad un passato costellato di successi, in cui si nota come gi\u00e0 nel 1800 fosse una delle bottiglie pi\u00f9 apprezzate sul globo. E\u2019 ottenuto con gli stessi assemblaggi dell\u2019etichetta Yellow Label, in cui signoreggia il Pinot Noir, completato da Chardonnay e Pinot Meunier, ma il metodo di produzione lo differenzia, infatti affina per 3 o 4 anni sui lieviti, contro i 30 mesi del Brut Yellow Label. Gradazione: 12% Vol. Allergeni: Contiene Solfiti Produttore: Veuve Cliquot Francia Venditore Moet &#038; Hennesy Italia<\/p>\n","protected":false},"featured_media":27815,"template":"","meta":{"_joinchat":[]},"product_brand":[],"product_cat":[3348],"product_tag":[],"class_list":{"0":"post-27814","1":"product","2":"type-product","3":"status-publish","4":"has-post-thumbnail","6":"product_cat-champagne","8":"first","9":"instock","10":"purchasable","11":"product-type-simple"},"jetpack_sharing_enabled":true,"acf":[],"_links":{"self":[{"href":"https:\/\/enotecalaboutiquedelvino.it\/index.php?rest_route=\/wp\/v2\/product\/27814","targetHints":{"allow":["GET"]}}],"collection":[{"href":"https:\/\/enotecalaboutiquedelvino.it\/index.php?rest_route=\/wp\/v2\/product"}],"about":[{"href":"https:\/\/enotecalaboutiquedelvino.it\/index.php?rest_route=\/wp\/v2\/types\/product"}],"wp:featuredmedia":[{"embeddable":true,"href":"https:\/\/enotecalaboutiquedelvino.it\/index.php?rest_route=\/wp\/v2\/media\/27815"}],"wp:attachment":[{"href":"https:\/\/enotecalaboutiquedelvino.it\/index.php?rest_route=%2Fwp%2Fv2%2Fmedia&parent=27814"}],"wp:term":[{"taxonomy":"product_brand","embeddable":true,"href":"https:\/\/enotecalaboutiquedelvino.it\/index.php?rest_route=%2Fwp%2Fv2%2Fproduct_brand&post=27814"},{"taxonomy":"product_cat","embeddable":true,"href":"https:\/\/enotecalaboutiquedelvino.it\/index.php?rest_route=%2Fwp%2Fv2%2Fproduct_cat&post=27814"},{"taxonomy":"product_tag","embeddable":true,"href":"https:\/\/enotecalaboutiquedelvino.it\/index.php?rest_route=%2Fwp%2Fv2%2Fproduct_tag&post=27814"}],"curies":[{"name":"wp","href":"https:\/\/api.w.org\/{rel}","templated":true}]}}