{"id":27944,"date":"2025-05-06T10:41:40","date_gmt":"2025-05-06T10:41:40","guid":{"rendered":"https:\/\/enotecalaboutiquedelvino.it\/?product=cognac-hennessy-vsop-privilege-cl-70-40-vol"},"modified":"2025-05-06T10:41:54","modified_gmt":"2025-05-06T10:41:54","slug":"cognac-hennessy-vsop-privilege-cl-70-40-vol","status":"publish","type":"product","link":"https:\/\/enotecalaboutiquedelvino.it\/?product=cognac-hennessy-vsop-privilege-cl-70-40-vol","title":{"rendered":"Cognac Hennessy Vsop Privilege Cl.70 40% Vol."},"content":{"rendered":"<p><strong>Cognac Hennessy Vsop Privilege Cl.70 40% Vol.<\/strong><\/p>\n<p>I sapori delicati e morbidi e gli aromi di VSOP significano che questo \u00e8 un cognac ideale che pu\u00f2 essere gustato direttamente. In tutto il mondo questo cognac \u00e8 anche apprezzato sempre di pi\u00f9 come una bevanda mista longball o highball. I miscelatori preferiti sono acqua minerale, soda, birra allo zenzero e tonico. Un finale palato ed esemplare che mostra rotondit\u00e0 e raffinatezza.<\/p>\n<ul>\n<li><span class=\"a-list-item\">Gradazione Alcolica: 40% Vol.\n<div>\n<div><\/div>\n<\/div>\n<p><em><\/em><\/span><\/li>\n<li><span class=\"a-list-item\">Nazione: Francia<\/span><\/li>\n<li><span class=\"a-list-item\">Venditore-Produttore: Moet&#038;Hennessy<\/span><\/li>\n<\/ul>\n","protected":false},"excerpt":{"rendered":"<p>Cognac Hennessy Vsop Privilege Cl.70 40% Vol. I sapori delicati e morbidi e gli aromi di VSOP significano che questo \u00e8 un cognac ideale che pu\u00f2 essere gustato direttamente. In tutto il mondo questo cognac \u00e8 anche apprezzato sempre di pi\u00f9 come una bevanda mista longball o highball. I miscelatori preferiti sono acqua minerale, soda, birra allo zenzero e tonico. Un finale palato ed esemplare che mostra rotondit\u00e0 e raffinatezza. Gradazione Alcolica: 40% Vol. Nazione: Francia Venditore-Produttore: Moet&#038;Hennessy<\/p>\n","protected":false},"featured_media":27945,"template":"","meta":{"_joinchat":[]},"product_brand":[],"product_cat":[3333],"product_tag":[],"class_list":{"0":"post-27944","1":"product","2":"type-product","3":"status-publish","4":"has-post-thumbnail","6":"product_cat-liquore","8":"first","9":"instock","10":"purchasable","11":"product-type-simple"},"jetpack_sharing_enabled":true,"acf":[],"_links":{"self":[{"href":"https:\/\/enotecalaboutiquedelvino.it\/index.php?rest_route=\/wp\/v2\/product\/27944","targetHints":{"allow":["GET"]}}],"collection":[{"href":"https:\/\/enotecalaboutiquedelvino.it\/index.php?rest_route=\/wp\/v2\/product"}],"about":[{"href":"https:\/\/enotecalaboutiquedelvino.it\/index.php?rest_route=\/wp\/v2\/types\/product"}],"wp:featuredmedia":[{"embeddable":true,"href":"https:\/\/enotecalaboutiquedelvino.it\/index.php?rest_route=\/wp\/v2\/media\/27945"}],"wp:attachment":[{"href":"https:\/\/enotecalaboutiquedelvino.it\/index.php?rest_route=%2Fwp%2Fv2%2Fmedia&parent=27944"}],"wp:term":[{"taxonomy":"product_brand","embeddable":true,"href":"https:\/\/enotecalaboutiquedelvino.it\/index.php?rest_route=%2Fwp%2Fv2%2Fproduct_brand&post=27944"},{"taxonomy":"product_cat","embeddable":true,"href":"https:\/\/enotecalaboutiquedelvino.it\/index.php?rest_route=%2Fwp%2Fv2%2Fproduct_cat&post=27944"},{"taxonomy":"product_tag","embeddable":true,"href":"https:\/\/enotecalaboutiquedelvino.it\/index.php?rest_route=%2Fwp%2Fv2%2Fproduct_tag&post=27944"}],"curies":[{"name":"wp","href":"https:\/\/api.w.org\/{rel}","templated":true}]}}