{"id":28011,"date":"2025-05-06T10:42:34","date_gmt":"2025-05-06T10:42:34","guid":{"rendered":"https:\/\/enotecalaboutiquedelvino.it\/?product=crema-di-cacao-bianca-de-kuyper-cl-70-20-vol"},"modified":"2025-12-05T11:40:42","modified_gmt":"2025-12-05T11:40:42","slug":"crema-di-cacao-bianca-de-kuyper-cl-70-20-vol","status":"publish","type":"product","link":"https:\/\/enotecalaboutiquedelvino.it\/?product=crema-di-cacao-bianca-de-kuyper-cl-70-20-vol","title":{"rendered":"\u200bCrema Di Cacao Bianca De Kuyper Cl.70 20% Vol."},"content":{"rendered":"<p><strong>Crema Di Cacao Bianca De Kuyper Cl.70 20% Vol.<\/strong><\/p>\n<p>Adatta alla creazione di eccellenti bevande miscelate o per aromatizzare dolci e creme, dar\u00e0 quel tocco in pi\u00f9 ad una coppa di gelato. Delizioso se versato sul caff\u00e8 e su altri drink caldi.<\/p>\n<p>Gradazione Alcoica: 20% Vol.<\/p>\n<div>\n<div><\/div>\n<\/div>\n<p>&nbsp;<\/p>\n<p>Produttore: De Kuyper Royal Distillers<\/p>\n<p>&nbsp;<\/p>\n<p>Nazione: Olanda<\/p>\n<p>&nbsp;<\/p>\n<p>Venditore: Stock Srl<\/p>\n","protected":false},"excerpt":{"rendered":"<p>Crema Di Cacao Bianca De Kuyper Cl.70 20% Vol. Adatta alla creazione di eccellenti bevande miscelate o per aromatizzare dolci e creme, dar\u00e0 quel tocco in pi\u00f9 ad una coppa di gelato. Delizioso se versato sul caff\u00e8 e su altri drink caldi. Gradazione Alcoica: 20% Vol. &nbsp; Produttore: De Kuyper Royal Distillers &nbsp; Nazione: Olanda &nbsp; Venditore: Stock Srl<\/p>\n","protected":false},"featured_media":28012,"template":"","meta":{"_joinchat":[]},"product_brand":[],"product_cat":[3333],"product_tag":[],"class_list":{"0":"post-28011","1":"product","2":"type-product","3":"status-publish","4":"has-post-thumbnail","6":"product_cat-liquore","8":"first","9":"instock","10":"purchasable","11":"product-type-simple"},"jetpack_sharing_enabled":true,"acf":[],"_links":{"self":[{"href":"https:\/\/enotecalaboutiquedelvino.it\/index.php?rest_route=\/wp\/v2\/product\/28011","targetHints":{"allow":["GET"]}}],"collection":[{"href":"https:\/\/enotecalaboutiquedelvino.it\/index.php?rest_route=\/wp\/v2\/product"}],"about":[{"href":"https:\/\/enotecalaboutiquedelvino.it\/index.php?rest_route=\/wp\/v2\/types\/product"}],"wp:featuredmedia":[{"embeddable":true,"href":"https:\/\/enotecalaboutiquedelvino.it\/index.php?rest_route=\/wp\/v2\/media\/28012"}],"wp:attachment":[{"href":"https:\/\/enotecalaboutiquedelvino.it\/index.php?rest_route=%2Fwp%2Fv2%2Fmedia&parent=28011"}],"wp:term":[{"taxonomy":"product_brand","embeddable":true,"href":"https:\/\/enotecalaboutiquedelvino.it\/index.php?rest_route=%2Fwp%2Fv2%2Fproduct_brand&post=28011"},{"taxonomy":"product_cat","embeddable":true,"href":"https:\/\/enotecalaboutiquedelvino.it\/index.php?rest_route=%2Fwp%2Fv2%2Fproduct_cat&post=28011"},{"taxonomy":"product_tag","embeddable":true,"href":"https:\/\/enotecalaboutiquedelvino.it\/index.php?rest_route=%2Fwp%2Fv2%2Fproduct_tag&post=28011"}],"curies":[{"name":"wp","href":"https:\/\/api.w.org\/{rel}","templated":true}]}}