{"id":28013,"date":"2025-05-06T10:42:34","date_gmt":"2025-05-06T10:42:34","guid":{"rendered":"https:\/\/enotecalaboutiquedelvino.it\/?product=crema-di-cacao-scura-de-kuyper-cl-70-20-vol"},"modified":"2025-07-28T10:29:37","modified_gmt":"2025-07-28T10:29:37","slug":"crema-di-cacao-scura-de-kuyper-cl-70-20-vol","status":"publish","type":"product","link":"https:\/\/enotecalaboutiquedelvino.it\/?product=crema-di-cacao-scura-de-kuyper-cl-70-20-vol","title":{"rendered":"Liquore Crema Di Cacao Scura De Kuyper Cl.70\u200b 20% Vol."},"content":{"rendered":"<p><strong>Liquore Crema Di Cacao Scura De Kuyper Cl.70\u200b 20% Vol.<\/strong><\/p>\n<p>La Cr\u00e8me de Cacao Dark di De Kuyper \u00e8 un liquore che nasce dalle migliori fave di cacao africane, arricchite da un leggero tocco di caramello e di vaniglia dolce. La materia prima viene lavorata allo scopo di esaltare l\u2019essenza del cacao amaro, per cui \u00e8 lasciata il pi\u00f9 naturale possibile. Ci\u00f2 che ne risulta quindi \u00e8 una crema intensa e sensuale, tanto nei profumi quanto nel gusto.Alla vista si presenta di un bel mogano intenso e luminoso. Al naso \u00e8 preponderante il richiamo al cacao amaro, che tuttavia lascia trasparire anche sentori di caramello e di vaniglia. In bocca risulta estremamente vellutato e liscio, lievi accenni amarognoli nel retrogusto. Da aggiungere al caff\u00e8 o al gelato, oppure per preparare un bel Brandy Alexander, \u00e8 in ogni caso un liquore estremamente eclettico.<\/p>\n<p>Gradazione Alcolica: 20% Vol.<\/p>\n<p><span style=\"font-size: 0.875rem;\">Produttore: De Kuyper Royal Distillers<\/span><\/p>\n<p>Nazione: Olanda<\/p>\n<p>Venditore: Stock Srl<\/p>\n","protected":false},"excerpt":{"rendered":"<p>Liquore Crema Di Cacao Scura De Kuyper Cl.70\u200b 20% Vol. La Cr\u00e8me de Cacao Dark di De Kuyper \u00e8 un liquore che nasce dalle migliori fave di cacao africane, arricchite da un leggero tocco di caramello e di vaniglia dolce. La materia prima viene lavorata allo scopo di esaltare l\u2019essenza del cacao amaro, per cui \u00e8 lasciata il pi\u00f9 naturale possibile. Ci\u00f2 che ne risulta quindi \u00e8 una crema intensa e sensuale, tanto nei profumi quanto nel gusto.Alla vista si presenta di un bel mogano intenso e luminoso. Al naso \u00e8 preponderante il richiamo al cacao amaro, che tuttavia lascia trasparire anche sentori di caramello e di vaniglia. In bocca risulta estremamente vellutato e liscio, lievi accenni amarognoli nel retrogusto. Da aggiungere al caff\u00e8 o al gelato, oppure per preparare un bel Brandy Alexander, \u00e8 in ogni caso un liquore estremamente eclettico. Gradazione Alcolica: 20% Vol. Produttore: De Kuyper Royal Distillers Nazione: Olanda Venditore: Stock Srl<\/p>\n","protected":false},"featured_media":37397,"template":"","meta":{"_joinchat":[]},"product_brand":[],"product_cat":[3384,3333],"product_tag":[],"class_list":{"0":"post-28013","1":"product","2":"type-product","3":"status-publish","4":"has-post-thumbnail","6":"product_cat-estero","7":"product_cat-liquore","9":"first","10":"instock","11":"purchasable","12":"product-type-simple"},"jetpack_sharing_enabled":true,"acf":[],"_links":{"self":[{"href":"https:\/\/enotecalaboutiquedelvino.it\/index.php?rest_route=\/wp\/v2\/product\/28013","targetHints":{"allow":["GET"]}}],"collection":[{"href":"https:\/\/enotecalaboutiquedelvino.it\/index.php?rest_route=\/wp\/v2\/product"}],"about":[{"href":"https:\/\/enotecalaboutiquedelvino.it\/index.php?rest_route=\/wp\/v2\/types\/product"}],"wp:featuredmedia":[{"embeddable":true,"href":"https:\/\/enotecalaboutiquedelvino.it\/index.php?rest_route=\/wp\/v2\/media\/37397"}],"wp:attachment":[{"href":"https:\/\/enotecalaboutiquedelvino.it\/index.php?rest_route=%2Fwp%2Fv2%2Fmedia&parent=28013"}],"wp:term":[{"taxonomy":"product_brand","embeddable":true,"href":"https:\/\/enotecalaboutiquedelvino.it\/index.php?rest_route=%2Fwp%2Fv2%2Fproduct_brand&post=28013"},{"taxonomy":"product_cat","embeddable":true,"href":"https:\/\/enotecalaboutiquedelvino.it\/index.php?rest_route=%2Fwp%2Fv2%2Fproduct_cat&post=28013"},{"taxonomy":"product_tag","embeddable":true,"href":"https:\/\/enotecalaboutiquedelvino.it\/index.php?rest_route=%2Fwp%2Fv2%2Fproduct_tag&post=28013"}],"curies":[{"name":"wp","href":"https:\/\/api.w.org\/{rel}","templated":true}]}}