{"id":28021,"date":"2025-05-06T10:42:34","date_gmt":"2025-05-06T10:42:34","guid":{"rendered":"https:\/\/enotecalaboutiquedelvino.it\/?product=crema-di-menta-verde-bols-cl-70-24-vol"},"modified":"2025-05-06T10:42:42","modified_gmt":"2025-05-06T10:42:42","slug":"crema-di-menta-verde-bols-cl-70-24-vol","status":"publish","type":"product","link":"https:\/\/enotecalaboutiquedelvino.it\/?product=crema-di-menta-verde-bols-cl-70-24-vol","title":{"rendered":"\u200bCrema Di Menta Verde Bols Cl.70  24% Vol"},"content":{"rendered":"<p><strong>Crema Di Menta Verde Bols Cl.70  24% Vol<\/strong><\/p>\n<p><strong>Bols Peppermint Green<\/strong> (conosciuto anche come <strong>Creme de Menthe<\/strong>) \u00e8 un liquore aromatizzato alla <strong>menta<\/strong> e il suo sapore \u00e8 estratto direttamente dalle foglie fresche. Gli olii essenziali di <strong>menta piperita<\/strong> provenienti da diversi paesi vengono accuratamente distillati, si ottiene cos\u00ec un aroma puro e chiaro, con un retrogusto estremamente persistente.<\/p>\n<p>Color <strong>verde acceso<\/strong>, regala intensi e inconfondibili sentori di menta piperita. All\u2019assaggio \u00e8 perfettamente corrispondente, dolce e con un lunghissimo e <strong>fresco<\/strong> finale.<\/p>\n<p><strong><\/strong><\/p>\n<p>Servito liscio o con ghiaccio \u00e8 digestivo, ottimo anche nel latte o nel caff\u00e8, con aggiunta di soda o succhi di frutta, per creare sfiziose bevande miscelate. Questo liquore non solo dona ai tuoi cocktail (come il <strong>Grasshopper<\/strong>) un sapore sorprendente, ma aggiunge anche un po&#8217; di colore (ricorda che c\u2019\u00e8 anche Bols Peppermint White se desideri un aspetto pi\u00f9 neutro).<\/p>\n<p><strong><\/strong>Gradazione: 24% Vol.<\/p>\n<p>Nazione: Olanda<\/p>\n<p>Produttore: Bols<\/p>\n<p>Venditore Fratelli Branca<\/p>\n","protected":false},"excerpt":{"rendered":"<p>Crema Di Menta Verde Bols Cl.70 24% Vol Bols Peppermint Green (conosciuto anche come Creme de Menthe) \u00e8 un liquore aromatizzato alla menta e il suo sapore \u00e8 estratto direttamente dalle foglie fresche. Gli olii essenziali di menta piperita provenienti da diversi paesi vengono accuratamente distillati, si ottiene cos\u00ec un aroma puro e chiaro, con un retrogusto estremamente persistente. Color verde acceso, regala intensi e inconfondibili sentori di menta piperita. All\u2019assaggio \u00e8 perfettamente corrispondente, dolce e con un lunghissimo e fresco finale. Servito liscio o con ghiaccio \u00e8 digestivo, ottimo anche nel latte o nel caff\u00e8, con aggiunta di soda o succhi di frutta, per creare sfiziose bevande miscelate. Questo liquore non solo dona ai tuoi cocktail (come il Grasshopper) un sapore sorprendente, ma aggiunge anche un po&#8217; di colore (ricorda che c\u2019\u00e8 anche Bols Peppermint White se desideri un aspetto pi\u00f9 neutro). Gradazione: 24% Vol. Nazione: Olanda Produttore: Bols Venditore Fratelli Branca<\/p>\n","protected":false},"featured_media":28022,"template":"","meta":{"_joinchat":[]},"product_brand":[],"product_cat":[3333],"product_tag":[],"class_list":{"0":"post-28021","1":"product","2":"type-product","3":"status-publish","4":"has-post-thumbnail","6":"product_cat-liquore","8":"first","9":"instock","10":"purchasable","11":"product-type-simple"},"jetpack_sharing_enabled":true,"acf":[],"_links":{"self":[{"href":"https:\/\/enotecalaboutiquedelvino.it\/index.php?rest_route=\/wp\/v2\/product\/28021","targetHints":{"allow":["GET"]}}],"collection":[{"href":"https:\/\/enotecalaboutiquedelvino.it\/index.php?rest_route=\/wp\/v2\/product"}],"about":[{"href":"https:\/\/enotecalaboutiquedelvino.it\/index.php?rest_route=\/wp\/v2\/types\/product"}],"wp:featuredmedia":[{"embeddable":true,"href":"https:\/\/enotecalaboutiquedelvino.it\/index.php?rest_route=\/wp\/v2\/media\/28022"}],"wp:attachment":[{"href":"https:\/\/enotecalaboutiquedelvino.it\/index.php?rest_route=%2Fwp%2Fv2%2Fmedia&parent=28021"}],"wp:term":[{"taxonomy":"product_brand","embeddable":true,"href":"https:\/\/enotecalaboutiquedelvino.it\/index.php?rest_route=%2Fwp%2Fv2%2Fproduct_brand&post=28021"},{"taxonomy":"product_cat","embeddable":true,"href":"https:\/\/enotecalaboutiquedelvino.it\/index.php?rest_route=%2Fwp%2Fv2%2Fproduct_cat&post=28021"},{"taxonomy":"product_tag","embeddable":true,"href":"https:\/\/enotecalaboutiquedelvino.it\/index.php?rest_route=%2Fwp%2Fv2%2Fproduct_tag&post=28021"}],"curies":[{"name":"wp","href":"https:\/\/api.w.org\/{rel}","templated":true}]}}