{"id":28151,"date":"2025-05-06T10:43:49","date_gmt":"2025-05-06T10:43:49","guid":{"rendered":"https:\/\/enotecalaboutiquedelvino.it\/?product=fiano-di-avellino-docg-2024-mastroberardino-cl-375-125-vol"},"modified":"2025-08-29T13:58:48","modified_gmt":"2025-08-29T13:58:48","slug":"fiano-di-avellino-docg-2024-mastroberardino-cl-375-125-vol","status":"publish","type":"product","link":"https:\/\/enotecalaboutiquedelvino.it\/?product=fiano-di-avellino-docg-2024-mastroberardino-cl-375-125-vol","title":{"rendered":"Fiano Di Avellino Mastroberardino Docg 2024 Cl.37,5 12,5% Vol."},"content":{"rendered":"<p><strong>Fiano Di Avellino Mastroberardino Docg 2024 Cl.37,5 12,5% Vol.<\/strong><\/p>\n<p>Il grande classico del territorio irpino, una denominazione che sta vivendo una seconda giovinezza grazie ad una finezza ed una complessit\u00e0 unici. Tratti, questi, che impongono il Fiano di Avellino tra i pi\u00f9 importanti vini bianchi italiani non solo per la naturale eleganza che \u00e8 in grado di esprimere ma anche per la sua straordinaria longevit\u00e0. Un vino d&#8217;annata, la cui vinificazione avviene in acciaio e che viene lasciato affinare in bottiglia per pochi mesi prima della sua commercializzazione. Giallo paglierino, al naso esprime sentori di pera, nocciola tostata, agrumi ed erbette aromatiche. Un profilo olfattivo fine, che apre ad un assaggio di apprezzabile delicatezza, di buon corpo e di ottimo equilibrio. Chiude su note floreali e di nocciola tostata, di ottima persistenza.<\/p>\n<p>Allergeni: Contiene Solfiti<\/p>\n<p>Gradazione Alcolica: 12,5% Vol.<\/p>\n<p>Produttore: Mastroberardino Societ\u00e0 Agricola Srl<\/p>\n","protected":false},"excerpt":{"rendered":"<p>Fiano Di Avellino Mastroberardino Docg 2024 Cl.37,5 12,5% Vol. Il grande classico del territorio irpino, una denominazione che sta vivendo una seconda giovinezza grazie ad una finezza ed una complessit\u00e0 unici. Tratti, questi, che impongono il Fiano di Avellino tra i pi\u00f9 importanti vini bianchi italiani non solo per la naturale eleganza che \u00e8 in grado di esprimere ma anche per la sua straordinaria longevit\u00e0. Un vino d&#8217;annata, la cui vinificazione avviene in acciaio e che viene lasciato affinare in bottiglia per pochi mesi prima della sua commercializzazione. Giallo paglierino, al naso esprime sentori di pera, nocciola tostata, agrumi ed erbette aromatiche. Un profilo olfattivo fine, che apre ad un assaggio di apprezzabile delicatezza, di buon corpo e di ottimo equilibrio. Chiude su note floreali e di nocciola tostata, di ottima persistenza. Allergeni: Contiene Solfiti Gradazione Alcolica: 12,5% Vol. Produttore: Mastroberardino Societ\u00e0 Agricola Srl<\/p>\n","protected":false},"featured_media":28152,"template":"","meta":{"_joinchat":[]},"product_brand":[],"product_cat":[3389,3329],"product_tag":[],"class_list":{"0":"post-28151","1":"product","2":"type-product","3":"status-publish","4":"has-post-thumbnail","6":"product_cat-bianco-vino","7":"product_cat-vino","9":"first","10":"instock","11":"purchasable","12":"product-type-simple"},"jetpack_sharing_enabled":true,"acf":[],"_links":{"self":[{"href":"https:\/\/enotecalaboutiquedelvino.it\/index.php?rest_route=\/wp\/v2\/product\/28151","targetHints":{"allow":["GET"]}}],"collection":[{"href":"https:\/\/enotecalaboutiquedelvino.it\/index.php?rest_route=\/wp\/v2\/product"}],"about":[{"href":"https:\/\/enotecalaboutiquedelvino.it\/index.php?rest_route=\/wp\/v2\/types\/product"}],"wp:featuredmedia":[{"embeddable":true,"href":"https:\/\/enotecalaboutiquedelvino.it\/index.php?rest_route=\/wp\/v2\/media\/28152"}],"wp:attachment":[{"href":"https:\/\/enotecalaboutiquedelvino.it\/index.php?rest_route=%2Fwp%2Fv2%2Fmedia&parent=28151"}],"wp:term":[{"taxonomy":"product_brand","embeddable":true,"href":"https:\/\/enotecalaboutiquedelvino.it\/index.php?rest_route=%2Fwp%2Fv2%2Fproduct_brand&post=28151"},{"taxonomy":"product_cat","embeddable":true,"href":"https:\/\/enotecalaboutiquedelvino.it\/index.php?rest_route=%2Fwp%2Fv2%2Fproduct_cat&post=28151"},{"taxonomy":"product_tag","embeddable":true,"href":"https:\/\/enotecalaboutiquedelvino.it\/index.php?rest_route=%2Fwp%2Fv2%2Fproduct_tag&post=28151"}],"curies":[{"name":"wp","href":"https:\/\/api.w.org\/{rel}","templated":true}]}}