{"id":28255,"date":"2025-05-06T10:45:17","date_gmt":"2025-05-06T10:45:17","guid":{"rendered":"https:\/\/enotecalaboutiquedelvino.it\/?product=gewurztraminer-doc-2024-elena-walch-cl-75-14-vol"},"modified":"2026-02-10T12:25:09","modified_gmt":"2026-02-10T12:25:09","slug":"gewurztraminer-doc-2024-elena-walch-cl-75-14-vol","status":"publish","type":"product","link":"https:\/\/enotecalaboutiquedelvino.it\/?product=gewurztraminer-doc-2024-elena-walch-cl-75-14-vol","title":{"rendered":"Gewurztraminer Elena Walch Doc 2025 Cl.75 14% Vol."},"content":{"rendered":"<p><strong>Gewurztraminer Elena Walch Doc 2025 Cl.75 14% Vol.<\/strong><\/p>\n<p>Il\u00a0Gew\u00fcrztraminer Elena Walch\u00a0\u00e8 un\u00a0vino bianco Alto Adige doc\u00a0che esprime tutta l&#8217;intensit\u00e0 aromatica del vitigno. Le uve, coltivate su terreni calcarei e sabbiosi, donano al vino una mineralit\u00e0 e una complessit\u00e0 uniche. La\u00a0vinificazione \u00e8 condotta con cura, con macerazione a freddo e fermentazione a temperatura controllata in acciaio, per preservare gli aromi varietali. Di colore giallo paglierino brillante, al naso svela un bouquet ricco di note floreali, frutta esotica e spezie. Al palato \u00e8 armonico, con una piacevole freschezza e un finale persistente.<\/p>\n<p>Allergeni: Contiene Solfiti<\/p>\n<p><span style=\"font-size: 0.875rem;\">Gradazione Alcolica: 14% Vol.<\/span><\/p>\n<p>Produttore: Avenue Srl<\/p>\n","protected":false},"excerpt":{"rendered":"<p>Gewurztraminer Elena Walch Doc 2025 Cl.75 14% Vol. Il\u00a0Gew\u00fcrztraminer Elena Walch\u00a0\u00e8 un\u00a0vino bianco Alto Adige doc\u00a0che esprime tutta l&#8217;intensit\u00e0 aromatica del vitigno. Le uve, coltivate su terreni calcarei e sabbiosi, donano al vino una mineralit\u00e0 e una complessit\u00e0 uniche. La\u00a0vinificazione \u00e8 condotta con cura, con macerazione a freddo e fermentazione a temperatura controllata in acciaio, per preservare gli aromi varietali. Di colore giallo paglierino brillante, al naso svela un bouquet ricco di note floreali, frutta esotica e spezie. Al palato \u00e8 armonico, con una piacevole freschezza e un finale persistente. Allergeni: Contiene Solfiti Gradazione Alcolica: 14% Vol. Produttore: Avenue Srl<\/p>\n","protected":false},"featured_media":37340,"template":"","meta":{"_joinchat":[]},"product_brand":[],"product_cat":[3389,3467,3329],"product_tag":[],"class_list":{"0":"post-28255","1":"product","2":"type-product","3":"status-publish","4":"has-post-thumbnail","6":"product_cat-bianco-vino","7":"product_cat-trentino-alto-adige-bianco-vino","8":"product_cat-vino","10":"first","11":"instock","12":"purchasable","13":"product-type-simple"},"jetpack_sharing_enabled":true,"acf":[],"_links":{"self":[{"href":"https:\/\/enotecalaboutiquedelvino.it\/index.php?rest_route=\/wp\/v2\/product\/28255","targetHints":{"allow":["GET"]}}],"collection":[{"href":"https:\/\/enotecalaboutiquedelvino.it\/index.php?rest_route=\/wp\/v2\/product"}],"about":[{"href":"https:\/\/enotecalaboutiquedelvino.it\/index.php?rest_route=\/wp\/v2\/types\/product"}],"wp:featuredmedia":[{"embeddable":true,"href":"https:\/\/enotecalaboutiquedelvino.it\/index.php?rest_route=\/wp\/v2\/media\/37340"}],"wp:attachment":[{"href":"https:\/\/enotecalaboutiquedelvino.it\/index.php?rest_route=%2Fwp%2Fv2%2Fmedia&parent=28255"}],"wp:term":[{"taxonomy":"product_brand","embeddable":true,"href":"https:\/\/enotecalaboutiquedelvino.it\/index.php?rest_route=%2Fwp%2Fv2%2Fproduct_brand&post=28255"},{"taxonomy":"product_cat","embeddable":true,"href":"https:\/\/enotecalaboutiquedelvino.it\/index.php?rest_route=%2Fwp%2Fv2%2Fproduct_cat&post=28255"},{"taxonomy":"product_tag","embeddable":true,"href":"https:\/\/enotecalaboutiquedelvino.it\/index.php?rest_route=%2Fwp%2Fv2%2Fproduct_tag&post=28255"}],"curies":[{"name":"wp","href":"https:\/\/api.w.org\/{rel}","templated":true}]}}