{"id":28349,"date":"2025-05-06T10:46:35","date_gmt":"2025-05-06T10:46:35","guid":{"rendered":"https:\/\/enotecalaboutiquedelvino.it\/?product=gin-gordons-1-litro-375-vol"},"modified":"2026-03-24T12:05:07","modified_gmt":"2026-03-24T12:05:07","slug":"gin-gordons-1-litro-375-vol","status":"publish","type":"product","link":"https:\/\/enotecalaboutiquedelvino.it\/?product=gin-gordons-1-litro-375-vol","title":{"rendered":"Gin Gordon&#8217;s London Dry 1 Litro 37,5% Vol."},"content":{"rendered":"<p><strong>Gin Gordon&#8217;s London Dry 1 Litro 37,5% Vol.<\/strong><\/p>\n<p>Colore limpido e trasparente, al naso sprigiona aromi invitanti di coriandolo e bacche di ginepro, sensazioni di pepe nero e note di mandorla secca e nocciola. Il gusto \u00e8 secco e caldo, deciso nel corpo e gentilmente persistente su molteplici ritorni agrumati. Non \u00e8 da consumare liscio, mentre invece si rivela un infallibile alleato per i cocktail pi\u00f9 classici come il Gin Tonic.<\/p>\n<p>Gradazione Alcolica: 37,5% Vol.<\/p>\n<p>Nazione: Regno Unito &#8211; Inghilterra<\/p>\n<p>Produttore: Alexander Gordon<\/p>\n<p>Venditore: Diageo Italia Spa<\/p>\n","protected":false},"excerpt":{"rendered":"<p>Gin Gordon&#8217;s London Dry 1 Litro 37,5% Vol. Colore limpido e trasparente, al naso sprigiona aromi invitanti di coriandolo e bacche di ginepro, sensazioni di pepe nero e note di mandorla secca e nocciola. Il gusto \u00e8 secco e caldo, deciso nel corpo e gentilmente persistente su molteplici ritorni agrumati. Non \u00e8 da consumare liscio, mentre invece si rivela un infallibile alleato per i cocktail pi\u00f9 classici come il Gin Tonic. Gradazione Alcolica: 37,5% Vol. Nazione: Regno Unito &#8211; Inghilterra Produttore: Alexander Gordon Venditore: Diageo Italia Spa<\/p>\n","protected":false},"featured_media":37343,"template":"","meta":{"_joinchat":[]},"product_brand":[],"product_cat":[3352],"product_tag":[],"class_list":{"0":"post-28349","1":"product","2":"type-product","3":"status-publish","4":"has-post-thumbnail","6":"product_cat-gin","8":"first","9":"instock","10":"purchasable","11":"product-type-simple"},"jetpack_sharing_enabled":true,"acf":[],"_links":{"self":[{"href":"https:\/\/enotecalaboutiquedelvino.it\/index.php?rest_route=\/wp\/v2\/product\/28349","targetHints":{"allow":["GET"]}}],"collection":[{"href":"https:\/\/enotecalaboutiquedelvino.it\/index.php?rest_route=\/wp\/v2\/product"}],"about":[{"href":"https:\/\/enotecalaboutiquedelvino.it\/index.php?rest_route=\/wp\/v2\/types\/product"}],"wp:featuredmedia":[{"embeddable":true,"href":"https:\/\/enotecalaboutiquedelvino.it\/index.php?rest_route=\/wp\/v2\/media\/37343"}],"wp:attachment":[{"href":"https:\/\/enotecalaboutiquedelvino.it\/index.php?rest_route=%2Fwp%2Fv2%2Fmedia&parent=28349"}],"wp:term":[{"taxonomy":"product_brand","embeddable":true,"href":"https:\/\/enotecalaboutiquedelvino.it\/index.php?rest_route=%2Fwp%2Fv2%2Fproduct_brand&post=28349"},{"taxonomy":"product_cat","embeddable":true,"href":"https:\/\/enotecalaboutiquedelvino.it\/index.php?rest_route=%2Fwp%2Fv2%2Fproduct_cat&post=28349"},{"taxonomy":"product_tag","embeddable":true,"href":"https:\/\/enotecalaboutiquedelvino.it\/index.php?rest_route=%2Fwp%2Fv2%2Fproduct_tag&post=28349"}],"curies":[{"name":"wp","href":"https:\/\/api.w.org\/{rel}","templated":true}]}}