{"id":28667,"date":"2025-05-06T10:51:02","date_gmt":"2025-05-06T10:51:02","guid":{"rendered":"https:\/\/enotecalaboutiquedelvino.it\/?product=kata-catalanesca-igp-2024-cantine-olivella-cl-75-13-vol"},"modified":"2026-02-19T08:21:41","modified_gmt":"2026-02-19T08:21:41","slug":"kata-catalanesca-igp-2024-cantine-olivella-cl-75-13-vol","status":"publish","type":"product","link":"https:\/\/enotecalaboutiquedelvino.it\/?product=kata-catalanesca-igp-2024-cantine-olivella-cl-75-13-vol","title":{"rendered":"Kat\u00e0 Catalanesca Cantine Olivella Igp 2024 Cl.75 13% Vol."},"content":{"rendered":"<p><strong>Kat\u00e0 Catalanesca Cantine Olivella Igp 2024 Cl.75 13% Vol.<\/strong><\/p>\n<p data-sourcepos=\"13:1-13:398\">Catalanesca Kat\u00e0 Cantine Olivella \u00e8 un vino bianco che riflette l&#8217;autenticit\u00e0 del suo terroir. \u00c8 prodotto con uve Catalanesca del Monte Somma igp coltivate in Campania, sui terreni vulcanici del Monte Somma. La vinificazione in acciaio e l&#8217;affinamento sulle fecce fini preservano la freschezza e la tipicit\u00e0 di questo vino bianco campano. Giallo paglierino brillante, al naso offre profumi di frutta bianca, fiori e una distintiva mineralit\u00e0. Al palato \u00e8 fresco, sapido e persistente.<\/p>\n<p>Allergeni: Contiene Solfiti<\/p>\n<p><span style=\"font-size: 0.875rem;\">Gradazione Alcolica: 13% Vol.<\/span><\/p>\n<p>Produttore: Societ\u00e0 Agricola Cantine Olivella Ss<\/p>\n","protected":false},"excerpt":{"rendered":"<p>Kat\u00e0 Catalanesca Cantine Olivella Igp 2024 Cl.75 13% Vol. Catalanesca Kat\u00e0 Cantine Olivella \u00e8 un vino bianco che riflette l&#8217;autenticit\u00e0 del suo terroir. \u00c8 prodotto con uve Catalanesca del Monte Somma igp coltivate in Campania, sui terreni vulcanici del Monte Somma. La vinificazione in acciaio e l&#8217;affinamento sulle fecce fini preservano la freschezza e la tipicit\u00e0 di questo vino bianco campano. Giallo paglierino brillante, al naso offre profumi di frutta bianca, fiori e una distintiva mineralit\u00e0. Al palato \u00e8 fresco, sapido e persistente. Allergeni: Contiene Solfiti Gradazione Alcolica: 13% Vol. Produttore: Societ\u00e0 Agricola Cantine Olivella Ss<\/p>\n","protected":false},"featured_media":37644,"template":"","meta":{"_joinchat":[]},"product_brand":[],"product_cat":[3389,3440,3329],"product_tag":[],"class_list":{"0":"post-28667","1":"product","2":"type-product","3":"status-publish","4":"has-post-thumbnail","6":"product_cat-bianco-vino","7":"product_cat-campania","8":"product_cat-vino","10":"first","11":"instock","12":"purchasable","13":"product-type-simple"},"jetpack_sharing_enabled":true,"acf":[],"_links":{"self":[{"href":"https:\/\/enotecalaboutiquedelvino.it\/index.php?rest_route=\/wp\/v2\/product\/28667","targetHints":{"allow":["GET"]}}],"collection":[{"href":"https:\/\/enotecalaboutiquedelvino.it\/index.php?rest_route=\/wp\/v2\/product"}],"about":[{"href":"https:\/\/enotecalaboutiquedelvino.it\/index.php?rest_route=\/wp\/v2\/types\/product"}],"wp:featuredmedia":[{"embeddable":true,"href":"https:\/\/enotecalaboutiquedelvino.it\/index.php?rest_route=\/wp\/v2\/media\/37644"}],"wp:attachment":[{"href":"https:\/\/enotecalaboutiquedelvino.it\/index.php?rest_route=%2Fwp%2Fv2%2Fmedia&parent=28667"}],"wp:term":[{"taxonomy":"product_brand","embeddable":true,"href":"https:\/\/enotecalaboutiquedelvino.it\/index.php?rest_route=%2Fwp%2Fv2%2Fproduct_brand&post=28667"},{"taxonomy":"product_cat","embeddable":true,"href":"https:\/\/enotecalaboutiquedelvino.it\/index.php?rest_route=%2Fwp%2Fv2%2Fproduct_cat&post=28667"},{"taxonomy":"product_tag","embeddable":true,"href":"https:\/\/enotecalaboutiquedelvino.it\/index.php?rest_route=%2Fwp%2Fv2%2Fproduct_tag&post=28667"}],"curies":[{"name":"wp","href":"https:\/\/api.w.org\/{rel}","templated":true}]}}