{"id":28709,"date":"2025-05-06T10:51:35","date_gmt":"2025-05-06T10:51:35","guid":{"rendered":"https:\/\/enotecalaboutiquedelvino.it\/?product=le-volte-dellornellaia-igt-2022-cl-75-14-vol"},"modified":"2026-03-10T11:21:01","modified_gmt":"2026-03-10T11:21:01","slug":"le-volte-dellornellaia-igt-2022-cl-75-14-vol","status":"publish","type":"product","link":"https:\/\/enotecalaboutiquedelvino.it\/?product=le-volte-dellornellaia-igt-2022-cl-75-14-vol","title":{"rendered":"Le Volte Dell&#8217;Ornellaia Igt 2024 Cl.75 14% Vol."},"content":{"rendered":"<p><strong>Le Volte Dell&#8217;Ornellaia Igt 2024 Cl.75 14% Vol.<\/strong><\/p>\n<p>Le Volte dell&#8217;Ornellaia appare nel calice di un colore rosso rubino intenso e concentrato. Al naso spiccano note fresche e croccanti di amarena, di mora e di frutta a polpa rossa. \u00c8 un vino succulento e possente, complesso e strutturato, con una trama tannica , in totale assenza di spigoli o durezze. Deriva da un blend di uve Merlot, Cabernet Sauvignon e Sangiovese, vendemmiate separatamente e lentamente, variet\u00e0 per variet\u00e0, grappolo per grappolo, tra la fine di agosto e la prima met\u00e0 di ottobre. La vinificazione avviene separata per i diversi vitigni all&#8217;interno di piccole vasche di acciaio. Segue la malolattica, sempre in acciaio, e affinamento di 10 mesi in barrique che prima erano state utilizzate per l&#8217;Ornellaia.<\/p>\n<p>Gradazione Alcolica: 14% Vol.<\/p>\n<p>Produttore: Ornellaia E Masseto Societ\u00e0 Agricola Srl<\/p>\n","protected":false},"excerpt":{"rendered":"<p>Le Volte Dell&#8217;Ornellaia Igt 2024 Cl.75 14% Vol. Le Volte dell&#8217;Ornellaia appare nel calice di un colore rosso rubino intenso e concentrato. Al naso spiccano note fresche e croccanti di amarena, di mora e di frutta a polpa rossa. \u00c8 un vino succulento e possente, complesso e strutturato, con una trama tannica , in totale assenza di spigoli o durezze. Deriva da un blend di uve Merlot, Cabernet Sauvignon e Sangiovese, vendemmiate separatamente e lentamente, variet\u00e0 per variet\u00e0, grappolo per grappolo, tra la fine di agosto e la prima met\u00e0 di ottobre. La vinificazione avviene separata per i diversi vitigni all&#8217;interno di piccole vasche di acciaio. Segue la malolattica, sempre in acciaio, e affinamento di 10 mesi in barrique che prima erano state utilizzate per l&#8217;Ornellaia. Gradazione Alcolica: 14% Vol. Produttore: Ornellaia E Masseto Societ\u00e0 Agricola Srl<\/p>\n","protected":false},"featured_media":28710,"template":"","meta":{"_joinchat":[]},"product_brand":[],"product_cat":[3391,3459,3329],"product_tag":[],"class_list":{"0":"post-28709","1":"product","2":"type-product","3":"status-publish","4":"has-post-thumbnail","6":"product_cat-rosso-vino","7":"product_cat-toscana","8":"product_cat-vino","10":"first","11":"instock","12":"purchasable","13":"product-type-simple"},"jetpack_sharing_enabled":true,"acf":[],"_links":{"self":[{"href":"https:\/\/enotecalaboutiquedelvino.it\/index.php?rest_route=\/wp\/v2\/product\/28709","targetHints":{"allow":["GET"]}}],"collection":[{"href":"https:\/\/enotecalaboutiquedelvino.it\/index.php?rest_route=\/wp\/v2\/product"}],"about":[{"href":"https:\/\/enotecalaboutiquedelvino.it\/index.php?rest_route=\/wp\/v2\/types\/product"}],"wp:featuredmedia":[{"embeddable":true,"href":"https:\/\/enotecalaboutiquedelvino.it\/index.php?rest_route=\/wp\/v2\/media\/28710"}],"wp:attachment":[{"href":"https:\/\/enotecalaboutiquedelvino.it\/index.php?rest_route=%2Fwp%2Fv2%2Fmedia&parent=28709"}],"wp:term":[{"taxonomy":"product_brand","embeddable":true,"href":"https:\/\/enotecalaboutiquedelvino.it\/index.php?rest_route=%2Fwp%2Fv2%2Fproduct_brand&post=28709"},{"taxonomy":"product_cat","embeddable":true,"href":"https:\/\/enotecalaboutiquedelvino.it\/index.php?rest_route=%2Fwp%2Fv2%2Fproduct_cat&post=28709"},{"taxonomy":"product_tag","embeddable":true,"href":"https:\/\/enotecalaboutiquedelvino.it\/index.php?rest_route=%2Fwp%2Fv2%2Fproduct_tag&post=28709"}],"curies":[{"name":"wp","href":"https:\/\/api.w.org\/{rel}","templated":true}]}}