{"id":28724,"date":"2025-05-06T10:51:35","date_gmt":"2025-05-06T10:51:35","guid":{"rendered":"https:\/\/enotecalaboutiquedelvino.it\/?product=limoncello-e-curti-cru-sorrento-2024-cl-70-473-vol"},"modified":"2026-02-05T12:12:36","modified_gmt":"2026-02-05T12:12:36","slug":"limoncello-e-curti-cru-sorrento-2024-cl-70-473-vol","status":"publish","type":"product","link":"https:\/\/enotecalaboutiquedelvino.it\/?product=limoncello-e-curti-cru-sorrento-2024-cl-70-473-vol","title":{"rendered":"Limoncello &#8216;E Curti Cru Sorrento 2024 Cl.70 47,3% Vol."},"content":{"rendered":"<p><strong>Limoncello &#8216;E Curti Cru Sorrento 2024 Cl.70 47,3% Vol.<\/strong><\/p>\n<p>Il limoncello \u00e8 il classico liquore di limoni tipico della Penisola Sorrentina. Dal 2018 \u2018E Curti hanno cominciato a produrre limoncello alle falde del Vesuvio, utilizzando esclusivamente limoni dei siti pi\u00f9 vocati della Penisola Sorrentina. Ogni bottiglia indica la zona di provenienza dei limoni e l\u2019anno di raccolta. Il cr\u00f9 pi\u00f9 importante, tecnicamente ed affettivamente \u00e8 Excelsior Vittoria. Infatti i limoni utilizzati provengono dalla limonaia pi\u00f9 spettacolare della citt\u00e0 di Sorrento, quella nella quale insiste uno degli alberghi pi\u00f9 prestigiosi del mondo, il Grande Albergo Excelsior Vittoria.<\/p>\n<p>Gradazione Alcolica: 47,3% Vol.<\/p>\n<p>Produttore: &#8216;E Curti Di Angela Ceriello&amp;C. Sas<\/p>\n","protected":false},"excerpt":{"rendered":"<p>Limoncello &#8216;E Curti Cru Sorrento 2024 Cl.70 47,3% Vol. Il limoncello \u00e8 il classico liquore di limoni tipico della Penisola Sorrentina. Dal 2018 \u2018E Curti hanno cominciato a produrre limoncello alle falde del Vesuvio, utilizzando esclusivamente limoni dei siti pi\u00f9 vocati della Penisola Sorrentina. Ogni bottiglia indica la zona di provenienza dei limoni e l\u2019anno di raccolta. Il cr\u00f9 pi\u00f9 importante, tecnicamente ed affettivamente \u00e8 Excelsior Vittoria. Infatti i limoni utilizzati provengono dalla limonaia pi\u00f9 spettacolare della citt\u00e0 di Sorrento, quella nella quale insiste uno degli alberghi pi\u00f9 prestigiosi del mondo, il Grande Albergo Excelsior Vittoria. Gradazione Alcolica: 47,3% Vol. Produttore: &#8216;E Curti Di Angela Ceriello&amp;C. Sas<\/p>\n","protected":false},"featured_media":39326,"template":"","meta":{"_joinchat":[]},"product_brand":[],"product_cat":[3333,3407],"product_tag":[],"class_list":{"0":"post-28724","1":"product","2":"type-product","3":"status-publish","4":"has-post-thumbnail","6":"product_cat-liquore","7":"product_cat-nazionale","9":"first","10":"instock","11":"purchasable","12":"product-type-simple"},"jetpack_sharing_enabled":true,"acf":[],"_links":{"self":[{"href":"https:\/\/enotecalaboutiquedelvino.it\/index.php?rest_route=\/wp\/v2\/product\/28724","targetHints":{"allow":["GET"]}}],"collection":[{"href":"https:\/\/enotecalaboutiquedelvino.it\/index.php?rest_route=\/wp\/v2\/product"}],"about":[{"href":"https:\/\/enotecalaboutiquedelvino.it\/index.php?rest_route=\/wp\/v2\/types\/product"}],"wp:featuredmedia":[{"embeddable":true,"href":"https:\/\/enotecalaboutiquedelvino.it\/index.php?rest_route=\/wp\/v2\/media\/39326"}],"wp:attachment":[{"href":"https:\/\/enotecalaboutiquedelvino.it\/index.php?rest_route=%2Fwp%2Fv2%2Fmedia&parent=28724"}],"wp:term":[{"taxonomy":"product_brand","embeddable":true,"href":"https:\/\/enotecalaboutiquedelvino.it\/index.php?rest_route=%2Fwp%2Fv2%2Fproduct_brand&post=28724"},{"taxonomy":"product_cat","embeddable":true,"href":"https:\/\/enotecalaboutiquedelvino.it\/index.php?rest_route=%2Fwp%2Fv2%2Fproduct_cat&post=28724"},{"taxonomy":"product_tag","embeddable":true,"href":"https:\/\/enotecalaboutiquedelvino.it\/index.php?rest_route=%2Fwp%2Fv2%2Fproduct_tag&post=28724"}],"curies":[{"name":"wp","href":"https:\/\/api.w.org\/{rel}","templated":true}]}}