{"id":28767,"date":"2025-05-06T10:52:19","date_gmt":"2025-05-06T10:52:19","guid":{"rendered":"https:\/\/enotecalaboutiquedelvino.it\/?product=lychee-kwai-feh-de-kuyper-cl-70-20-vol"},"modified":"2026-03-09T12:28:22","modified_gmt":"2026-03-09T12:28:22","slug":"lychee-kwai-feh-de-kuyper-cl-70-20-vol","status":"publish","type":"product","link":"https:\/\/enotecalaboutiquedelvino.it\/?product=lychee-kwai-feh-de-kuyper-cl-70-20-vol","title":{"rendered":"Liquore Lychee Kwai Feh De Kuyper Cl.70 20% Vol."},"content":{"rendered":"<p><strong>Liquore Lychee Kwai Feh De Kuyper Cl.70 20% Vol.<\/strong><\/p>\n<p>Il liquore Kwai Feh Lychee della nota distilleria De Kuyper \u00e8 una bevanda pregiata che offre un\u2019esperienza di degustazione unica e inconfondibile. Le sue radici risalgono alla Cina, dove i delicati frutti di Lychee sono stati apprezzati per secoli per il loro sapore ricco e distintivo. De Kuyper ha saputo trasformare questa prelibatezza in una bevanda distillata di altissima qualit\u00e0, perfetta per chi cerca l\u2019eccellenza nel campo dei liquori. Il liquore Kwai Feh Lychee \u00e8 caratterizzato da un profumo intenso e fruttato, che invita al primo sorso. Il sapore \u00e8 dolce, ma non troppo, con una nota acidula che conferisce alla bevanda un equilibrio perfetto. La consistenza \u00e8 setosa e piacevole al palato, rendendo questo liquore ideale per sorseggiarlo da solo o come ingrediente principale in cocktail sofisticati.<\/p>\n<p>Gradazione Alcolica: 20% Vol.<\/p>\n<p>Nazione: Olanda<\/p>\n<p>Produttore: De Kuyper Royal Distillers<\/p>\n<p>Venditore: Stock Srl<\/p>\n<div>\n<div><\/div>\n<\/div>\n","protected":false},"excerpt":{"rendered":"<p>Liquore Lychee Kwai Feh De Kuyper Cl.70 20% Vol. Il liquore Kwai Feh Lychee della nota distilleria De Kuyper \u00e8 una bevanda pregiata che offre un\u2019esperienza di degustazione unica e inconfondibile. Le sue radici risalgono alla Cina, dove i delicati frutti di Lychee sono stati apprezzati per secoli per il loro sapore ricco e distintivo. De Kuyper ha saputo trasformare questa prelibatezza in una bevanda distillata di altissima qualit\u00e0, perfetta per chi cerca l\u2019eccellenza nel campo dei liquori. Il liquore Kwai Feh Lychee \u00e8 caratterizzato da un profumo intenso e fruttato, che invita al primo sorso. Il sapore \u00e8 dolce, ma non troppo, con una nota acidula che conferisce alla bevanda un equilibrio perfetto. La consistenza \u00e8 setosa e piacevole al palato, rendendo questo liquore ideale per sorseggiarlo da solo o come ingrediente principale in cocktail sofisticati. Gradazione Alcolica: 20% Vol. Nazione: Olanda Produttore: De Kuyper Royal Distillers Venditore: Stock Srl<\/p>\n","protected":false},"featured_media":37704,"template":"","meta":{"_joinchat":[]},"product_brand":[],"product_cat":[3384,3333],"product_tag":[],"class_list":{"0":"post-28767","1":"product","2":"type-product","3":"status-publish","4":"has-post-thumbnail","6":"product_cat-estero","7":"product_cat-liquore","9":"first","10":"instock","11":"purchasable","12":"product-type-simple"},"jetpack_sharing_enabled":true,"acf":[],"_links":{"self":[{"href":"https:\/\/enotecalaboutiquedelvino.it\/index.php?rest_route=\/wp\/v2\/product\/28767","targetHints":{"allow":["GET"]}}],"collection":[{"href":"https:\/\/enotecalaboutiquedelvino.it\/index.php?rest_route=\/wp\/v2\/product"}],"about":[{"href":"https:\/\/enotecalaboutiquedelvino.it\/index.php?rest_route=\/wp\/v2\/types\/product"}],"wp:featuredmedia":[{"embeddable":true,"href":"https:\/\/enotecalaboutiquedelvino.it\/index.php?rest_route=\/wp\/v2\/media\/37704"}],"wp:attachment":[{"href":"https:\/\/enotecalaboutiquedelvino.it\/index.php?rest_route=%2Fwp%2Fv2%2Fmedia&parent=28767"}],"wp:term":[{"taxonomy":"product_brand","embeddable":true,"href":"https:\/\/enotecalaboutiquedelvino.it\/index.php?rest_route=%2Fwp%2Fv2%2Fproduct_brand&post=28767"},{"taxonomy":"product_cat","embeddable":true,"href":"https:\/\/enotecalaboutiquedelvino.it\/index.php?rest_route=%2Fwp%2Fv2%2Fproduct_cat&post=28767"},{"taxonomy":"product_tag","embeddable":true,"href":"https:\/\/enotecalaboutiquedelvino.it\/index.php?rest_route=%2Fwp%2Fv2%2Fproduct_tag&post=28767"}],"curies":[{"name":"wp","href":"https:\/\/api.w.org\/{rel}","templated":true}]}}