{"id":28869,"date":"2025-05-06T10:53:06","date_gmt":"2025-05-06T10:53:06","guid":{"rendered":"https:\/\/enotecalaboutiquedelvino.it\/?product=mirto-bianco-zedda-piras-cl-70-35-vol"},"modified":"2026-01-29T08:47:48","modified_gmt":"2026-01-29T08:47:48","slug":"mirto-bianco-zedda-piras-cl-70-35-vol","status":"publish","type":"product","link":"https:\/\/enotecalaboutiquedelvino.it\/?product=mirto-bianco-zedda-piras-cl-70-35-vol","title":{"rendered":"Liquore Mirto Bianco Zedda Piras Cl.70 35% Vol."},"content":{"rendered":"<p><strong>Liquore Mirto Bianco Zedda Piras Cl.70 35% Vol.<\/strong><\/p>\n<p>Tonalit\u00e0 verdolina, vivace e luminosa. Al naso, il profumo \u00e8 intenso e inconfondibile, con note erbacee e sentori di macchia mediterranea. Al palato, il gusto \u00e8 sorprendente: fresco, delicato e armonioso.<\/p>\n<p>Gradazione Alcolica: 35% Vol.<\/p>\n<p>Produttore: Zedda Piras<\/p>\n<p>Venditore: Davide Campari Milano Spa<\/p>\n","protected":false},"excerpt":{"rendered":"<p>Liquore Mirto Bianco Zedda Piras Cl.70 35% Vol. Tonalit\u00e0 verdolina, vivace e luminosa. Al naso, il profumo \u00e8 intenso e inconfondibile, con note erbacee e sentori di macchia mediterranea. Al palato, il gusto \u00e8 sorprendente: fresco, delicato e armonioso. Gradazione Alcolica: 35% Vol. Produttore: Zedda Piras Venditore: Davide Campari Milano Spa<\/p>\n","protected":false},"featured_media":39240,"template":"","meta":{"_joinchat":[]},"product_brand":[],"product_cat":[3333,3407],"product_tag":[],"class_list":{"0":"post-28869","1":"product","2":"type-product","3":"status-publish","4":"has-post-thumbnail","6":"product_cat-liquore","7":"product_cat-nazionale","9":"first","10":"instock","11":"purchasable","12":"product-type-simple"},"jetpack_sharing_enabled":true,"acf":[],"_links":{"self":[{"href":"https:\/\/enotecalaboutiquedelvino.it\/index.php?rest_route=\/wp\/v2\/product\/28869","targetHints":{"allow":["GET"]}}],"collection":[{"href":"https:\/\/enotecalaboutiquedelvino.it\/index.php?rest_route=\/wp\/v2\/product"}],"about":[{"href":"https:\/\/enotecalaboutiquedelvino.it\/index.php?rest_route=\/wp\/v2\/types\/product"}],"wp:featuredmedia":[{"embeddable":true,"href":"https:\/\/enotecalaboutiquedelvino.it\/index.php?rest_route=\/wp\/v2\/media\/39240"}],"wp:attachment":[{"href":"https:\/\/enotecalaboutiquedelvino.it\/index.php?rest_route=%2Fwp%2Fv2%2Fmedia&parent=28869"}],"wp:term":[{"taxonomy":"product_brand","embeddable":true,"href":"https:\/\/enotecalaboutiquedelvino.it\/index.php?rest_route=%2Fwp%2Fv2%2Fproduct_brand&post=28869"},{"taxonomy":"product_cat","embeddable":true,"href":"https:\/\/enotecalaboutiquedelvino.it\/index.php?rest_route=%2Fwp%2Fv2%2Fproduct_cat&post=28869"},{"taxonomy":"product_tag","embeddable":true,"href":"https:\/\/enotecalaboutiquedelvino.it\/index.php?rest_route=%2Fwp%2Fv2%2Fproduct_tag&post=28869"}],"curies":[{"name":"wp","href":"https:\/\/api.w.org\/{rel}","templated":true}]}}