{"id":29067,"date":"2025-05-06T10:55:17","date_gmt":"2025-05-06T10:55:17","guid":{"rendered":"https:\/\/enotecalaboutiquedelvino.it\/?product=pinot-grigio-doc-2024-jermann-cl-75-13-vol"},"modified":"2026-03-12T10:50:01","modified_gmt":"2026-03-12T10:50:01","slug":"pinot-grigio-doc-2024-jermann-cl-75-13-vol","status":"publish","type":"product","link":"https:\/\/enotecalaboutiquedelvino.it\/?product=pinot-grigio-doc-2024-jermann-cl-75-13-vol","title":{"rendered":"Pinot Grigio Jermann Doc 2025 Cl.75 13% Vol."},"content":{"rendered":"<p><strong>Pinot Grigio Jermann Doc 2025 Cl.75 13% Vol.<\/strong><\/p>\n<p>Il\u00a0Pinot Grigio Jermann \u00e8 un&#8217;espressione emblematica della filosofia produttiva di questa rinomata cantina friulana. Le uve provengono da vigneti\u00a0situati sulle colline, caratterizzate da terreni ricchi di marne e arenarie, che conferiscono al vino una spiccata personalit\u00e0 e un ottimo potenziale di\u00a0invecchiamento. Giallo paglierino intenso con riflessi ramati, al naso si presenta con un ricco bouquet di frutta a polpa bianca, agrumi e note floreali. Al palato \u00e8 pieno e avvolgente, con una piacevole freschezza e mineralit\u00e0.<\/p>\n<p>Allergeni: Contiene Solfiti<\/p>\n<p>Gradazione Alcolica: 13% Vol.<\/p>\n<p>Produttore: Jermann Srl Societ\u00e0 Agricola<\/p>\n<p>&nbsp;<\/p>\n","protected":false},"excerpt":{"rendered":"<p>Pinot Grigio Jermann Doc 2025 Cl.75 13% Vol. Il\u00a0Pinot Grigio Jermann \u00e8 un&#8217;espressione emblematica della filosofia produttiva di questa rinomata cantina friulana. Le uve provengono da vigneti\u00a0situati sulle colline, caratterizzate da terreni ricchi di marne e arenarie, che conferiscono al vino una spiccata personalit\u00e0 e un ottimo potenziale di\u00a0invecchiamento. Giallo paglierino intenso con riflessi ramati, al naso si presenta con un ricco bouquet di frutta a polpa bianca, agrumi e note floreali. Al palato \u00e8 pieno e avvolgente, con una piacevole freschezza e mineralit\u00e0. Allergeni: Contiene Solfiti Gradazione Alcolica: 13% Vol. Produttore: Jermann Srl Societ\u00e0 Agricola &nbsp;<\/p>\n","protected":false},"featured_media":37873,"template":"","meta":{"_joinchat":[]},"product_brand":[],"product_cat":[3389,3468,3329],"product_tag":[],"class_list":{"0":"post-29067","1":"product","2":"type-product","3":"status-publish","4":"has-post-thumbnail","6":"product_cat-bianco-vino","7":"product_cat-friuli-venezia-giulia","8":"product_cat-vino","10":"first","11":"instock","12":"purchasable","13":"product-type-simple"},"jetpack_sharing_enabled":true,"acf":[],"_links":{"self":[{"href":"https:\/\/enotecalaboutiquedelvino.it\/index.php?rest_route=\/wp\/v2\/product\/29067","targetHints":{"allow":["GET"]}}],"collection":[{"href":"https:\/\/enotecalaboutiquedelvino.it\/index.php?rest_route=\/wp\/v2\/product"}],"about":[{"href":"https:\/\/enotecalaboutiquedelvino.it\/index.php?rest_route=\/wp\/v2\/types\/product"}],"wp:featuredmedia":[{"embeddable":true,"href":"https:\/\/enotecalaboutiquedelvino.it\/index.php?rest_route=\/wp\/v2\/media\/37873"}],"wp:attachment":[{"href":"https:\/\/enotecalaboutiquedelvino.it\/index.php?rest_route=%2Fwp%2Fv2%2Fmedia&parent=29067"}],"wp:term":[{"taxonomy":"product_brand","embeddable":true,"href":"https:\/\/enotecalaboutiquedelvino.it\/index.php?rest_route=%2Fwp%2Fv2%2Fproduct_brand&post=29067"},{"taxonomy":"product_cat","embeddable":true,"href":"https:\/\/enotecalaboutiquedelvino.it\/index.php?rest_route=%2Fwp%2Fv2%2Fproduct_cat&post=29067"},{"taxonomy":"product_tag","embeddable":true,"href":"https:\/\/enotecalaboutiquedelvino.it\/index.php?rest_route=%2Fwp%2Fv2%2Fproduct_tag&post=29067"}],"curies":[{"name":"wp","href":"https:\/\/api.w.org\/{rel}","templated":true}]}}