{"id":29139,"date":"2025-05-06T10:56:09","date_gmt":"2025-05-06T10:56:09","guid":{"rendered":"https:\/\/enotecalaboutiquedelvino.it\/?product=primitivo-di-manduria-attanasio-dop-2016-cl-75-165-vol"},"modified":"2026-01-19T11:25:09","modified_gmt":"2026-01-19T11:25:09","slug":"primitivo-di-manduria-attanasio-dop-2016-cl-75-165-vol","status":"publish","type":"product","link":"https:\/\/enotecalaboutiquedelvino.it\/?product=primitivo-di-manduria-attanasio-dop-2016-cl-75-165-vol","title":{"rendered":"Primitivo Di Manduria Attanasio Dop 2017 Cl.75 16,5% Vol."},"content":{"rendered":"<p><strong>Primitivo Di Manduria Attanasio Dop 2017 Cl.75 16,5% Vol.<\/strong><\/p>\n<p>Il\u00a0Primitivo di Manduria Attanasio\u00a0viene prodotto da vigneti di 40\/50 anni d&#8217;et\u00e0. Affina per\u00a012 mesi in barriques di rovere francese,\u00a0raggiungendo cos\u00ec sul piano olfattivo una composizione tra le pi\u00f9 complesse e raffinate mantenendo il patrimonio organolettico dell&#8217;uva autoctona. In bocca \u00e8 pieno e secco, i tannini morbidi e l\u2019alcol costruiscono un buon equilibrio, impressionante l\u2019eleganza. Finale lungo e persistente caratterizzato da note dolci di ciliegia sotto spirito.<\/p>\n<p>Allergeni: Contiene Solfiti<\/p>\n<p><span style=\"font-size: 0.875rem;\">Gradazione Alcolica: 16,5% Vol.<\/span><\/p>\n<p>Produttore: Attanasio<\/p>\n<p>Venditore: Wine Trading Srl<\/p>\n<div class=\"table__row\">\n<div class=\"grid\">\n<div class=\"grid__item width-7-12 desk-8-12\">\n<div class=\"table__row__element--txt\"><\/div>\n<\/div>\n<\/div>\n<\/div>\n","protected":false},"excerpt":{"rendered":"<p>Primitivo Di Manduria Attanasio Dop 2017 Cl.75 16,5% Vol. Il\u00a0Primitivo di Manduria Attanasio\u00a0viene prodotto da vigneti di 40\/50 anni d&#8217;et\u00e0. Affina per\u00a012 mesi in barriques di rovere francese,\u00a0raggiungendo cos\u00ec sul piano olfattivo una composizione tra le pi\u00f9 complesse e raffinate mantenendo il patrimonio organolettico dell&#8217;uva autoctona. In bocca \u00e8 pieno e secco, i tannini morbidi e l\u2019alcol costruiscono un buon equilibrio, impressionante l\u2019eleganza. Finale lungo e persistente caratterizzato da note dolci di ciliegia sotto spirito. Allergeni: Contiene Solfiti Gradazione Alcolica: 16,5% Vol. Produttore: Attanasio Venditore: Wine Trading Srl<\/p>\n","protected":false},"featured_media":39120,"template":"","meta":{"_joinchat":[]},"product_brand":[],"product_cat":[3447,3391,3329],"product_tag":[],"class_list":{"0":"post-29139","1":"product","2":"type-product","3":"status-publish","4":"has-post-thumbnail","6":"product_cat-puglia","7":"product_cat-rosso-vino","8":"product_cat-vino","10":"first","11":"instock","12":"purchasable","13":"product-type-simple"},"jetpack_sharing_enabled":true,"acf":[],"_links":{"self":[{"href":"https:\/\/enotecalaboutiquedelvino.it\/index.php?rest_route=\/wp\/v2\/product\/29139","targetHints":{"allow":["GET"]}}],"collection":[{"href":"https:\/\/enotecalaboutiquedelvino.it\/index.php?rest_route=\/wp\/v2\/product"}],"about":[{"href":"https:\/\/enotecalaboutiquedelvino.it\/index.php?rest_route=\/wp\/v2\/types\/product"}],"wp:featuredmedia":[{"embeddable":true,"href":"https:\/\/enotecalaboutiquedelvino.it\/index.php?rest_route=\/wp\/v2\/media\/39120"}],"wp:attachment":[{"href":"https:\/\/enotecalaboutiquedelvino.it\/index.php?rest_route=%2Fwp%2Fv2%2Fmedia&parent=29139"}],"wp:term":[{"taxonomy":"product_brand","embeddable":true,"href":"https:\/\/enotecalaboutiquedelvino.it\/index.php?rest_route=%2Fwp%2Fv2%2Fproduct_brand&post=29139"},{"taxonomy":"product_cat","embeddable":true,"href":"https:\/\/enotecalaboutiquedelvino.it\/index.php?rest_route=%2Fwp%2Fv2%2Fproduct_cat&post=29139"},{"taxonomy":"product_tag","embeddable":true,"href":"https:\/\/enotecalaboutiquedelvino.it\/index.php?rest_route=%2Fwp%2Fv2%2Fproduct_tag&post=29139"}],"curies":[{"name":"wp","href":"https:\/\/api.w.org\/{rel}","templated":true}]}}