{"id":29239,"date":"2025-05-06T10:57:09","date_gmt":"2025-05-06T10:57:09","guid":{"rendered":"https:\/\/enotecalaboutiquedelvino.it\/?product=ricard-1-litro-45-vol"},"modified":"2026-03-19T11:36:53","modified_gmt":"2026-03-19T11:36:53","slug":"ricard-1-litro-45-vol","status":"publish","type":"product","link":"https:\/\/enotecalaboutiquedelvino.it\/?product=ricard-1-litro-45-vol","title":{"rendered":"Aperitivo Ricard 1 Litro 45% Vol."},"content":{"rendered":"<p><strong>Aperitivo Ricard 1 Litro 45% Vol.<\/strong><\/p>\n<p>Questo\u00a0liquore, leggermente alcolico e dall\u2019intenso\u00a0aroma di anice, nasce in Francia nel 1916 quando, abolito l\u2019assenzio, i produttori si videro costretti a trovare una valida alternativa: aggiunsero, quindi,\u00a0l\u2019anice stellato\u00a0e lo zucchero, diminuirono l\u2019alcol ed inizi\u00f2 la storia del\u00a0Pastis sinonimo di Pasticcio, Miscuglio. Ma \u00e8 grazie a Paul Ricard se, nel 1932, dopo innumerevoli tentativi nel ricercare la ricetta ideale, il Pastis acquist\u00f2 la fama che ha oggi e da quel momento, il vero pastis de Marseille \u00e8 solo Ricard. Colore delicatamente ambrato, profuma intensamente di anice stellato ed erbe aromatiche; al palato \u00e8 liscio, fresco, in piena corrispondenza olfattiva e con lunga persistenza speziata.<\/p>\n<p>Gradazione Alcolica: 45% Vol.<\/p>\n<p><span style=\"font-size: 0.875rem;\">Nazione: Francia<\/span><\/p>\n<p>Produttore: Pernod Ricard<\/p>\n<p>Venditore: Pernod Ricard Italia Spa<\/p>\n","protected":false},"excerpt":{"rendered":"<p>Aperitivo Ricard 1 Litro 45% Vol. Questo\u00a0liquore, leggermente alcolico e dall\u2019intenso\u00a0aroma di anice, nasce in Francia nel 1916 quando, abolito l\u2019assenzio, i produttori si videro costretti a trovare una valida alternativa: aggiunsero, quindi,\u00a0l\u2019anice stellato\u00a0e lo zucchero, diminuirono l\u2019alcol ed inizi\u00f2 la storia del\u00a0Pastis sinonimo di Pasticcio, Miscuglio. Ma \u00e8 grazie a Paul Ricard se, nel 1932, dopo innumerevoli tentativi nel ricercare la ricetta ideale, il Pastis acquist\u00f2 la fama che ha oggi e da quel momento, il vero pastis de Marseille \u00e8 solo Ricard. Colore delicatamente ambrato, profuma intensamente di anice stellato ed erbe aromatiche; al palato \u00e8 liscio, fresco, in piena corrispondenza olfattiva e con lunga persistenza speziata. Gradazione Alcolica: 45% Vol. Nazione: Francia Produttore: Pernod Ricard Venditore: Pernod Ricard Italia Spa<\/p>\n","protected":false},"featured_media":37795,"template":"","meta":{"_joinchat":[]},"product_brand":[],"product_cat":[3402,3337],"product_tag":[],"class_list":{"0":"post-29239","1":"product","2":"type-product","3":"status-publish","4":"has-post-thumbnail","6":"product_cat-alcolico","7":"product_cat-aperitivo","9":"first","10":"instock","11":"purchasable","12":"product-type-simple"},"jetpack_sharing_enabled":true,"acf":[],"_links":{"self":[{"href":"https:\/\/enotecalaboutiquedelvino.it\/index.php?rest_route=\/wp\/v2\/product\/29239","targetHints":{"allow":["GET"]}}],"collection":[{"href":"https:\/\/enotecalaboutiquedelvino.it\/index.php?rest_route=\/wp\/v2\/product"}],"about":[{"href":"https:\/\/enotecalaboutiquedelvino.it\/index.php?rest_route=\/wp\/v2\/types\/product"}],"wp:featuredmedia":[{"embeddable":true,"href":"https:\/\/enotecalaboutiquedelvino.it\/index.php?rest_route=\/wp\/v2\/media\/37795"}],"wp:attachment":[{"href":"https:\/\/enotecalaboutiquedelvino.it\/index.php?rest_route=%2Fwp%2Fv2%2Fmedia&parent=29239"}],"wp:term":[{"taxonomy":"product_brand","embeddable":true,"href":"https:\/\/enotecalaboutiquedelvino.it\/index.php?rest_route=%2Fwp%2Fv2%2Fproduct_brand&post=29239"},{"taxonomy":"product_cat","embeddable":true,"href":"https:\/\/enotecalaboutiquedelvino.it\/index.php?rest_route=%2Fwp%2Fv2%2Fproduct_cat&post=29239"},{"taxonomy":"product_tag","embeddable":true,"href":"https:\/\/enotecalaboutiquedelvino.it\/index.php?rest_route=%2Fwp%2Fv2%2Fproduct_tag&post=29239"}],"curies":[{"name":"wp","href":"https:\/\/api.w.org\/{rel}","templated":true}]}}