{"id":29692,"date":"2025-05-06T11:01:37","date_gmt":"2025-05-06T11:01:37","guid":{"rendered":"https:\/\/enotecalaboutiquedelvino.it\/?product=timorasso-doc-2022-pomodolce-diletto-derthona-cl-75-135-vol"},"modified":"2025-11-20T09:36:44","modified_gmt":"2025-11-20T09:36:44","slug":"timorasso-doc-2022-pomodolce-diletto-derthona-cl-75-135-vol","status":"publish","type":"product","link":"https:\/\/enotecalaboutiquedelvino.it\/?product=timorasso-doc-2022-pomodolce-diletto-derthona-cl-75-135-vol","title":{"rendered":"Timorasso Diletto Derthona Pomodolce Doc 2022 Cl.75 13,5% Vol."},"content":{"rendered":"<p><strong>Timorasso Diletto Derthona Pomodolce Doc 2022 Cl.75 13,5% Vol.<\/strong><\/p>\n<p>Giallo paglierino con riflessi dorati. Si apre con sfumature fruttate di mela e pera sostenute da una spiccata traccia minerale. In bocca \u00e8 vivace, fresco, dotato di buona struttura e grande beva. Il Colli Tortonesi Timorasso doc Diletto di Pomodolce \u00e8 ottenuto da vigneti di propriet\u00e0 a conduzione biologica, una raccolta di tipo manuale e un affinamento sui lieviti in vasca di acciaio.<\/p>\n<p><span style=\"font-size: 0.875rem;\">Allergeni: Contiene Solfiti<\/span><\/p>\n<p>Gradazione Alcolica: 13,5% Vol.<\/p>\n<p>Produttore: Pomodolce<\/p>\n<p>Venditore: Teatro Del Vino Srl<\/p>\n","protected":false},"excerpt":{"rendered":"<p>Timorasso Diletto Derthona Pomodolce Doc 2022 Cl.75 13,5% Vol. Giallo paglierino con riflessi dorati. Si apre con sfumature fruttate di mela e pera sostenute da una spiccata traccia minerale. In bocca \u00e8 vivace, fresco, dotato di buona struttura e grande beva. Il Colli Tortonesi Timorasso doc Diletto di Pomodolce \u00e8 ottenuto da vigneti di propriet\u00e0 a conduzione biologica, una raccolta di tipo manuale e un affinamento sui lieviti in vasca di acciaio. Allergeni: Contiene Solfiti Gradazione Alcolica: 13,5% Vol. Produttore: Pomodolce Venditore: Teatro Del Vino Srl<\/p>\n","protected":false},"featured_media":29693,"template":"","meta":{"_joinchat":[]},"product_brand":[],"product_cat":[3389,3329],"product_tag":[],"class_list":{"0":"post-29692","1":"product","2":"type-product","3":"status-publish","4":"has-post-thumbnail","6":"product_cat-bianco-vino","7":"product_cat-vino","9":"first","10":"instock","11":"purchasable","12":"product-type-simple"},"jetpack_sharing_enabled":true,"acf":[],"_links":{"self":[{"href":"https:\/\/enotecalaboutiquedelvino.it\/index.php?rest_route=\/wp\/v2\/product\/29692","targetHints":{"allow":["GET"]}}],"collection":[{"href":"https:\/\/enotecalaboutiquedelvino.it\/index.php?rest_route=\/wp\/v2\/product"}],"about":[{"href":"https:\/\/enotecalaboutiquedelvino.it\/index.php?rest_route=\/wp\/v2\/types\/product"}],"wp:featuredmedia":[{"embeddable":true,"href":"https:\/\/enotecalaboutiquedelvino.it\/index.php?rest_route=\/wp\/v2\/media\/29693"}],"wp:attachment":[{"href":"https:\/\/enotecalaboutiquedelvino.it\/index.php?rest_route=%2Fwp%2Fv2%2Fmedia&parent=29692"}],"wp:term":[{"taxonomy":"product_brand","embeddable":true,"href":"https:\/\/enotecalaboutiquedelvino.it\/index.php?rest_route=%2Fwp%2Fv2%2Fproduct_brand&post=29692"},{"taxonomy":"product_cat","embeddable":true,"href":"https:\/\/enotecalaboutiquedelvino.it\/index.php?rest_route=%2Fwp%2Fv2%2Fproduct_cat&post=29692"},{"taxonomy":"product_tag","embeddable":true,"href":"https:\/\/enotecalaboutiquedelvino.it\/index.php?rest_route=%2Fwp%2Fv2%2Fproduct_tag&post=29692"}],"curies":[{"name":"wp","href":"https:\/\/api.w.org\/{rel}","templated":true}]}}