{"id":29762,"date":"2025-05-06T11:02:27","date_gmt":"2025-05-06T11:02:27","guid":{"rendered":"https:\/\/enotecalaboutiquedelvino.it\/?product=vermentino-igt-2024-umbria-lungarotti-cl-75-125-vol"},"modified":"2026-03-25T10:18:17","modified_gmt":"2026-03-25T10:18:17","slug":"vermentino-igt-2024-umbria-lungarotti-cl-75-125-vol","status":"publish","type":"product","link":"https:\/\/enotecalaboutiquedelvino.it\/?product=vermentino-igt-2024-umbria-lungarotti-cl-75-125-vol","title":{"rendered":"Vermentino Lungarotti Igt 2025 Cl.75 12% Vol."},"content":{"rendered":"<p><strong>Vermentino Lungarotti Igt 2025 Cl.75 12% Vol.<\/strong><\/p>\n<p>Un vino elegante e fine, fortemente influenzato dal territorio, colore giallo paglierino con riflessi verdognoli. Tra i profumi spiccano le note agrumate e di erbe aromatiche elegantemente amalgamate a sentori floreali e minerali. In bocca \u00e8 un vino secco dotato di una piacevole freschezza e sapidit\u00e0. \u00c8 un vino di medio corpo versatile ed elegante.<\/p>\n<p><span style=\"font-size: 0.875rem;\">Allergeni: Contiene Solfiti<\/span><\/p>\n<p>Gradazione Alcolica: 12% Vol.<\/p>\n<p><span style=\"font-size: 0.875rem;\">Produttore: Lungarotti Societ\u00e0 Agricola Arl<\/span><\/p>\n","protected":false},"excerpt":{"rendered":"<p>Vermentino Lungarotti Igt 2025 Cl.75 12% Vol. Un vino elegante e fine, fortemente influenzato dal territorio, colore giallo paglierino con riflessi verdognoli. Tra i profumi spiccano le note agrumate e di erbe aromatiche elegantemente amalgamate a sentori floreali e minerali. In bocca \u00e8 un vino secco dotato di una piacevole freschezza e sapidit\u00e0. \u00c8 un vino di medio corpo versatile ed elegante. Allergeni: Contiene Solfiti Gradazione Alcolica: 12% Vol. Produttore: Lungarotti Societ\u00e0 Agricola Arl<\/p>\n","protected":false},"featured_media":39344,"template":"","meta":{"_joinchat":[]},"product_brand":[],"product_cat":[3389,3452,3329],"product_tag":[],"class_list":{"0":"post-29762","1":"product","2":"type-product","3":"status-publish","4":"has-post-thumbnail","6":"product_cat-bianco-vino","7":"product_cat-umbria","8":"product_cat-vino","10":"first","11":"instock","12":"purchasable","13":"product-type-simple"},"jetpack_sharing_enabled":true,"acf":[],"_links":{"self":[{"href":"https:\/\/enotecalaboutiquedelvino.it\/index.php?rest_route=\/wp\/v2\/product\/29762","targetHints":{"allow":["GET"]}}],"collection":[{"href":"https:\/\/enotecalaboutiquedelvino.it\/index.php?rest_route=\/wp\/v2\/product"}],"about":[{"href":"https:\/\/enotecalaboutiquedelvino.it\/index.php?rest_route=\/wp\/v2\/types\/product"}],"wp:featuredmedia":[{"embeddable":true,"href":"https:\/\/enotecalaboutiquedelvino.it\/index.php?rest_route=\/wp\/v2\/media\/39344"}],"wp:attachment":[{"href":"https:\/\/enotecalaboutiquedelvino.it\/index.php?rest_route=%2Fwp%2Fv2%2Fmedia&parent=29762"}],"wp:term":[{"taxonomy":"product_brand","embeddable":true,"href":"https:\/\/enotecalaboutiquedelvino.it\/index.php?rest_route=%2Fwp%2Fv2%2Fproduct_brand&post=29762"},{"taxonomy":"product_cat","embeddable":true,"href":"https:\/\/enotecalaboutiquedelvino.it\/index.php?rest_route=%2Fwp%2Fv2%2Fproduct_cat&post=29762"},{"taxonomy":"product_tag","embeddable":true,"href":"https:\/\/enotecalaboutiquedelvino.it\/index.php?rest_route=%2Fwp%2Fv2%2Fproduct_tag&post=29762"}],"curies":[{"name":"wp","href":"https:\/\/api.w.org\/{rel}","templated":true}]}}