{"id":30076,"date":"2025-05-06T11:05:01","date_gmt":"2025-05-06T11:05:01","guid":{"rendered":"https:\/\/enotecalaboutiquedelvino.it\/?product=whisky-makers-mark-bourbon-cl-70-45-vol"},"modified":"2026-03-19T11:29:38","modified_gmt":"2026-03-19T11:29:38","slug":"whisky-makers-mark-bourbon-cl-70-45-vol","status":"publish","type":"product","link":"https:\/\/enotecalaboutiquedelvino.it\/?product=whisky-makers-mark-bourbon-cl-70-45-vol","title":{"rendered":"Whisky Maker&#8217;s Mark Bourbon Cl.70 45% Vol."},"content":{"rendered":"<p><strong>Whisky Handmade Maker&#8217;s Mark Kentucky Straight <\/strong><strong>Bourbon Cl.70 45% Vol.<br \/>\n<\/strong><\/p>\n<p>Questo particolare Kentucky Bourbon deve, in un certo senso, la sua fortuna ad una donna: la moglie di William Samuels, il proprietario originario della distilleria. Grande estimatrice e collezionista di cognac, fu lei a proporre al marito la caratteristica bottiglia con la chiusura del tappo col sigillo di ceralacca e, non contenta, pens\u00f2 sia il nome del whisky che la tipica etichetta; una donna intraprendente ed astuta che, involontariamente, segn\u00f2 il destino di questo bellissimo Bourbon. Prodotto esclusivamente con orzo e grano, senza cio\u00e8 l\u2019impiego della segale e poco invecchiato, il Maker&#8217;s Mark \u00e8 un distillato atipico, pi\u00f9 dolce e delicato dei suoi fratelli Bourbon. Color oro intenso e brillante, ha naso ricco e complessi di frutta e spezie, scorza d\u2019agrumi, uvetta sultanina e un ch\u00e9 di rovere tostato. Pieno e morbido al palato, sa di burro, vaniglia e noce, con bella persistenza bois\u00e8.<\/p>\n<p>Gradazione Alcolica: 45% Vol.<\/p>\n<p>Nazione: U.S.A.<\/p>\n<p>Produttore: Maker&#8217;s Mark Distillery<\/p>\n<p>Venditore: Stock Srl<\/p>\n","protected":false},"excerpt":{"rendered":"<p>Whisky Handmade Maker&#8217;s Mark Kentucky Straight Bourbon Cl.70 45% Vol. Questo particolare Kentucky Bourbon deve, in un certo senso, la sua fortuna ad una donna: la moglie di William Samuels, il proprietario originario della distilleria. Grande estimatrice e collezionista di cognac, fu lei a proporre al marito la caratteristica bottiglia con la chiusura del tappo col sigillo di ceralacca e, non contenta, pens\u00f2 sia il nome del whisky che la tipica etichetta; una donna intraprendente ed astuta che, involontariamente, segn\u00f2 il destino di questo bellissimo Bourbon. Prodotto esclusivamente con orzo e grano, senza cio\u00e8 l\u2019impiego della segale e poco invecchiato, il Maker&#8217;s Mark \u00e8 un distillato atipico, pi\u00f9 dolce e delicato dei suoi fratelli Bourbon. Color oro intenso e brillante, ha naso ricco e complessi di frutta e spezie, scorza d\u2019agrumi, uvetta sultanina e un ch\u00e9 di rovere tostato. Pieno e morbido al palato, sa di burro, vaniglia e noce, con bella persistenza bois\u00e8. Gradazione Alcolica: 45% Vol. Nazione: U.S.A. Produttore: Maker&#8217;s Mark Distillery Venditore: Stock Srl<\/p>\n","protected":false},"featured_media":30077,"template":"","meta":{"_joinchat":[]},"product_brand":[],"product_cat":[3386,3342],"product_tag":[],"class_list":{"0":"post-30076","1":"product","2":"type-product","3":"status-publish","4":"has-post-thumbnail","6":"product_cat-america","7":"product_cat-whisky","9":"first","10":"instock","11":"purchasable","12":"product-type-simple"},"jetpack_sharing_enabled":true,"acf":[],"_links":{"self":[{"href":"https:\/\/enotecalaboutiquedelvino.it\/index.php?rest_route=\/wp\/v2\/product\/30076","targetHints":{"allow":["GET"]}}],"collection":[{"href":"https:\/\/enotecalaboutiquedelvino.it\/index.php?rest_route=\/wp\/v2\/product"}],"about":[{"href":"https:\/\/enotecalaboutiquedelvino.it\/index.php?rest_route=\/wp\/v2\/types\/product"}],"wp:featuredmedia":[{"embeddable":true,"href":"https:\/\/enotecalaboutiquedelvino.it\/index.php?rest_route=\/wp\/v2\/media\/30077"}],"wp:attachment":[{"href":"https:\/\/enotecalaboutiquedelvino.it\/index.php?rest_route=%2Fwp%2Fv2%2Fmedia&parent=30076"}],"wp:term":[{"taxonomy":"product_brand","embeddable":true,"href":"https:\/\/enotecalaboutiquedelvino.it\/index.php?rest_route=%2Fwp%2Fv2%2Fproduct_brand&post=30076"},{"taxonomy":"product_cat","embeddable":true,"href":"https:\/\/enotecalaboutiquedelvino.it\/index.php?rest_route=%2Fwp%2Fv2%2Fproduct_cat&post=30076"},{"taxonomy":"product_tag","embeddable":true,"href":"https:\/\/enotecalaboutiquedelvino.it\/index.php?rest_route=%2Fwp%2Fv2%2Fproduct_tag&post=30076"}],"curies":[{"name":"wp","href":"https:\/\/api.w.org\/{rel}","templated":true}]}}