{"id":39585,"date":"2026-04-22T12:22:05","date_gmt":"2026-04-22T12:22:05","guid":{"rendered":"https:\/\/enotecalaboutiquedelvino.it\/?post_type=product&#038;p=39585"},"modified":"2026-04-22T12:32:31","modified_gmt":"2026-04-22T12:32:31","slug":"chardonnay-rocciapiana-cotarella-igp-2024-cl-75-125-vol","status":"publish","type":"product","link":"https:\/\/enotecalaboutiquedelvino.it\/?product=chardonnay-rocciapiana-cotarella-igp-2024-cl-75-125-vol","title":{"rendered":"Chardonnay Rocciapiana Cotarella Igp 2024 Cl.75 12,5% Vol."},"content":{"rendered":"<p><strong>Chardonnay Rocciapiana Cotarella Igp 2024 Cl.75 12,5% Vol.<\/strong><\/p>\n<p>Al palato \u00e8 armonico, con una struttura ben bilanciata tra freschezza e sapidit\u00e0. Il finale \u00e8 lungo e persistente, con un delicato accenno di mandorla fresca e note minerali che richiamano il terroir umbro.<\/p>\n<p>Allergeni: Contiene Solfiti<\/p>\n<p>Gradazione Alcolica: 12,5% Vol.<\/p>\n<p>Produttore: Cotarella Agricola Srl<\/p>\n","protected":false},"excerpt":{"rendered":"<p>Chardonnay Rocciapiana Cotarella Igp 2024 Cl.75 12,5% Vol. Al palato \u00e8 armonico, con una struttura ben bilanciata tra freschezza e sapidit\u00e0. Il finale \u00e8 lungo e persistente, con un delicato accenno di mandorla fresca e note minerali che richiamano il terroir umbro. Allergeni: Contiene Solfiti Gradazione Alcolica: 12,5% Vol. Produttore: Cotarella Agricola Srl<\/p>\n","protected":false},"featured_media":39588,"template":"","meta":{"_joinchat":[]},"product_brand":[],"product_cat":[3389,3452,3329],"product_tag":[],"class_list":{"0":"post-39585","1":"product","2":"type-product","3":"status-publish","4":"has-post-thumbnail","6":"product_cat-bianco-vino","7":"product_cat-umbria","8":"product_cat-vino","10":"first","11":"instock","12":"shipping-taxable","13":"purchasable","14":"product-type-simple"},"jetpack_sharing_enabled":true,"acf":[],"_links":{"self":[{"href":"https:\/\/enotecalaboutiquedelvino.it\/index.php?rest_route=\/wp\/v2\/product\/39585","targetHints":{"allow":["GET"]}}],"collection":[{"href":"https:\/\/enotecalaboutiquedelvino.it\/index.php?rest_route=\/wp\/v2\/product"}],"about":[{"href":"https:\/\/enotecalaboutiquedelvino.it\/index.php?rest_route=\/wp\/v2\/types\/product"}],"wp:featuredmedia":[{"embeddable":true,"href":"https:\/\/enotecalaboutiquedelvino.it\/index.php?rest_route=\/wp\/v2\/media\/39588"}],"wp:attachment":[{"href":"https:\/\/enotecalaboutiquedelvino.it\/index.php?rest_route=%2Fwp%2Fv2%2Fmedia&parent=39585"}],"wp:term":[{"taxonomy":"product_brand","embeddable":true,"href":"https:\/\/enotecalaboutiquedelvino.it\/index.php?rest_route=%2Fwp%2Fv2%2Fproduct_brand&post=39585"},{"taxonomy":"product_cat","embeddable":true,"href":"https:\/\/enotecalaboutiquedelvino.it\/index.php?rest_route=%2Fwp%2Fv2%2Fproduct_cat&post=39585"},{"taxonomy":"product_tag","embeddable":true,"href":"https:\/\/enotecalaboutiquedelvino.it\/index.php?rest_route=%2Fwp%2Fv2%2Fproduct_tag&post=39585"}],"curies":[{"name":"wp","href":"https:\/\/api.w.org\/{rel}","templated":true}]}}